{"id":51,"date":"2018-10-15T01:52:16","date_gmt":"2018-10-15T01:52:16","guid":{"rendered":"http:\/\/firstascentstaging.com\/cac\/?page_id=51"},"modified":"2023-11-30T13:55:00","modified_gmt":"2023-11-30T18:55:00","slug":"report-child-abuse","status":"publish","type":"page","link":"https:\/\/cacofde.org\/fr\/report-child-abuse\/","title":{"rendered":"Signaler la maltraitance des enfants (dans le Delaware)"},"content":{"rendered":"","protected":false},"excerpt":{"rendered":"","protected":false},"author":1,"featured_media":0,"parent":0,"menu_order":9,"comment_status":"closed","ping_status":"closed","template":"page-report-abuse.php","meta":{"_acf_changed":false,"inline_featured_image":false,"_monsterinsights_skip_tracking":false,"_monsterinsights_sitenote_active":false,"_monsterinsights_sitenote_note":"","_monsterinsights_sitenote_category":0,"footnotes":""},"class_list":["post-51","page","type-page","status-publish","hentry"],"acf":[],"yoast_head":"<!-- This site is optimized with the Yoast SEO plugin v27.3 - https:\/\/yoast.com\/product\/yoast-seo-wordpress\/ -->\n<title>Children\u2019s Advocacy Center of Delaware - How To Report Child Abuse<\/title>\n<meta name=\"description\" content=\"You can report suspected child abuse or neglect safely and anonymously by calling the Division of Family Services (DFS) at 1-800-292-9582.\" \/>\n<meta name=\"robots\" content=\"index, follow, max-snippet:-1, max-image-preview:large, max-video-preview:-1\" \/>\n<link rel=\"canonical\" href=\"https:\/\/cacofde.org\/fr\/report-child-abuse\/\" \/>\n<meta property=\"og:locale\" content=\"fr_FR\" \/>\n<meta property=\"og:type\" content=\"article\" \/>\n<meta property=\"og:title\" content=\"Children\u2019s Advocacy Center of Delaware - How To Report Child Abuse\" \/>\n<meta property=\"og:description\" content=\"You can report suspected child abuse or neglect safely and anonymously by calling the Division of Family Services (DFS) at 1-800-292-9582.\" \/>\n<meta property=\"og:url\" content=\"https:\/\/cacofde.org\/fr\/report-child-abuse\/\" \/>\n<meta property=\"og:site_name\" content=\"Childrens Advocacy Center of Delaware\" \/>\n<meta property=\"article:modified_time\" content=\"2023-11-30T18:55:00+00:00\" \/>\n<meta property=\"og:image\" content=\"https:\/\/cacofde.org\/wp-content\/uploads\/2020\/11\/3.jpg\" \/>\n\t<meta property=\"og:image:width\" content=\"1200\" \/>\n\t<meta property=\"og:image:height\" content=\"630\" \/>\n\t<meta property=\"og:image:type\" content=\"image\/jpeg\" \/>\n<meta name=\"twitter:card\" content=\"summary_large_image\" \/>\n<script type=\"application\/ld+json\" class=\"yoast-schema-graph\">{\"@context\":\"https:\\\/\\\/schema.org\",\"@graph\":[{\"@type\":\"WebPage\",\"@id\":\"https:\\\/\\\/cacofde.org\\\/report-child-abuse\\\/\",\"url\":\"https:\\\/\\\/cacofde.org\\\/report-child-abuse\\\/\",\"name\":\"Children\u2019s Advocacy Center of Delaware - How To Report Child Abuse\",\"isPartOf\":{\"@id\":\"https:\\\/\\\/cacofde.org\\\/#website\"},\"datePublished\":\"2018-10-15T01:52:16+00:00\",\"dateModified\":\"2023-11-30T18:55:00+00:00\",\"description\":\"You can report suspected child abuse or neglect safely and anonymously by calling the Division of Family Services (DFS) at 1-800-292-9582.\",\"breadcrumb\":{\"@id\":\"https:\\\/\\\/cacofde.org\\\/report-child-abuse\\\/#breadcrumb\"},\"inLanguage\":\"fr-FR\",\"potentialAction\":[{\"@type\":\"ReadAction\",\"target\":[\"https:\\\/\\\/cacofde.org\\\/report-child-abuse\\\/\"]}]},{\"@type\":\"BreadcrumbList\",\"@id\":\"https:\\\/\\\/cacofde.org\\\/report-child-abuse\\\/#breadcrumb\",\"itemListElement\":[{\"@type\":\"ListItem\",\"position\":1,\"name\":\"Home\",\"item\":\"https:\\\/\\\/cacofde.org\\\/\"},{\"@type\":\"ListItem\",\"position\":2,\"name\":\"Reporting Child Abuse (in Delaware)\"}]},{\"@type\":\"WebSite\",\"@id\":\"https:\\\/\\\/cacofde.org\\\/#website\",\"url\":\"https:\\\/\\\/cacofde.org\\\/\",\"name\":\"Childrens Advocacy Center of Delaware\",\"description\":\"A safe place where healing begins\",\"potentialAction\":[{\"@type\":\"SearchAction\",\"target\":{\"@type\":\"EntryPoint\",\"urlTemplate\":\"https:\\\/\\\/cacofde.org\\\/?s={search_term_string}\"},\"query-input\":{\"@type\":\"PropertyValueSpecification\",\"valueRequired\":true,\"valueName\":\"search_term_string\"}}],\"inLanguage\":\"fr-FR\"}]}<\/script>\n<!-- \/ Yoast SEO plugin. -->","yoast_head_json":{"title":"Children&#039;s Advocacy Center of Delaware - Comment signaler la maltraitance des enfants","description":"Vous pouvez signaler des cas pr\u00e9sum\u00e9s de maltraitance ou de n\u00e9gligence envers les enfants en toute s\u00e9curit\u00e9 et de mani\u00e8re anonyme en appelant la Division des services \u00e0 la famille (DFS) au 1-800-292-9582.","robots":{"index":"index","follow":"follow","max-snippet":"max-snippet:-1","max-image-preview":"max-image-preview:large","max-video-preview":"max-video-preview:-1"},"canonical":"https:\/\/cacofde.org\/fr\/report-child-abuse\/","og_locale":"fr_FR","og_type":"article","og_title":"Children\u2019s Advocacy Center of Delaware - How To Report Child Abuse","og_description":"You can report suspected child abuse or neglect safely and anonymously by calling the Division of Family Services (DFS) at 1-800-292-9582.","og_url":"https:\/\/cacofde.org\/fr\/report-child-abuse\/","og_site_name":"Childrens Advocacy Center of Delaware","article_modified_time":"2023-11-30T18:55:00+00:00","og_image":[{"width":1200,"height":630,"url":"https:\/\/cacofde.org\/wp-content\/uploads\/2020\/11\/3.jpg","type":"image\/jpeg"}],"twitter_card":"summary_large_image","schema":{"@context":"https:\/\/schema.org","@graph":[{"@type":"WebPage","@id":"https:\/\/cacofde.org\/report-child-abuse\/","url":"https:\/\/cacofde.org\/report-child-abuse\/","name":"Children&#039;s Advocacy Center of Delaware - Comment signaler la maltraitance des enfants","isPartOf":{"@id":"https:\/\/cacofde.org\/#website"},"datePublished":"2018-10-15T01:52:16+00:00","dateModified":"2023-11-30T18:55:00+00:00","description":"Vous pouvez signaler des cas pr\u00e9sum\u00e9s de maltraitance ou de n\u00e9gligence envers les enfants en toute s\u00e9curit\u00e9 et de mani\u00e8re anonyme en appelant la Division des services \u00e0 la famille (DFS) au 1-800-292-9582.","breadcrumb":{"@id":"https:\/\/cacofde.org\/report-child-abuse\/#breadcrumb"},"inLanguage":"fr-FR","potentialAction":[{"@type":"ReadAction","target":["https:\/\/cacofde.org\/report-child-abuse\/"]}]},{"@type":"BreadcrumbList","@id":"https:\/\/cacofde.org\/report-child-abuse\/#breadcrumb","itemListElement":[{"@type":"ListItem","position":1,"name":"Home","item":"https:\/\/cacofde.org\/"},{"@type":"ListItem","position":2,"name":"Reporting Child Abuse (in Delaware)"}]},{"@type":"WebSite","@id":"https:\/\/cacofde.org\/#website","url":"https:\/\/cacofde.org\/","name":"Centre de d\u00e9fense des enfants du Delaware","description":"Un endroit s\u00fbr o\u00f9 la gu\u00e9rison commence","potentialAction":[{"@type":"SearchAction","target":{"@type":"EntryPoint","urlTemplate":"https:\/\/cacofde.org\/?s={search_term_string}"},"query-input":{"@type":"PropertyValueSpecification","valueRequired":true,"valueName":"search_term_string"}}],"inLanguage":"fr-FR"}]}},"_links":{"self":[{"href":"https:\/\/cacofde.org\/fr\/wp-json\/wp\/v2\/pages\/51","targetHints":{"allow":["GET"]}}],"collection":[{"href":"https:\/\/cacofde.org\/fr\/wp-json\/wp\/v2\/pages"}],"about":[{"href":"https:\/\/cacofde.org\/fr\/wp-json\/wp\/v2\/types\/page"}],"author":[{"embeddable":true,"href":"https:\/\/cacofde.org\/fr\/wp-json\/wp\/v2\/users\/1"}],"replies":[{"embeddable":true,"href":"https:\/\/cacofde.org\/fr\/wp-json\/wp\/v2\/comments?post=51"}],"version-history":[{"count":10,"href":"https:\/\/cacofde.org\/fr\/wp-json\/wp\/v2\/pages\/51\/revisions"}],"predecessor-version":[{"id":1876,"href":"https:\/\/cacofde.org\/fr\/wp-json\/wp\/v2\/pages\/51\/revisions\/1876"}],"wp:attachment":[{"href":"https:\/\/cacofde.org\/fr\/wp-json\/wp\/v2\/media?parent=51"}],"curies":[{"name":"wp","href":"https:\/\/api.w.org\/{rel}","templated":true}]}}