{"id":47,"date":"2018-10-15T01:48:52","date_gmt":"2018-10-15T01:48:52","guid":{"rendered":"http:\/\/firstascentstaging.com\/cac\/?page_id=47"},"modified":"2025-04-04T16:06:22","modified_gmt":"2025-04-04T20:06:22","slug":"donation","status":"publish","type":"page","link":"https:\/\/cacofde.org\/fr\/donation\/","title":{"rendered":"Don"},"content":{"rendered":"<h2>Merci d&#039;avoir envisag\u00e9 un cadeau au Children&#039;s Advocacy Center of Delaware.<\/h2>\n<p>Alors que le Children&#039;s Advocacy Center of Delaware re\u00e7oit des financements de l&#039;\u00c9tat du Delaware et du gouvernement f\u00e9d\u00e9ral, la g\u00e9n\u00e9rosit\u00e9 d&#039;individus, d&#039;entreprises, de fondations et de groupes communautaires bienveillants nous aide \u00e9galement \u00e0 faire une diff\u00e9rence pour les enfants de tout le Delaware. En tant qu&#039;organisation \u00e0 but non lucratif 501 (c) 3, votre don au Children&#039;s Advocacy Center of Delaware est d\u00e9ductible d&#039;imp\u00f4t. Votre don contribue \u00e0 fournir un environnement s\u00fbr et des services de soutien aux enfants et aux familles qui subissent les effets d\u00e9vastateurs et \u00e0 long terme de la maltraitance des enfants.<\/p>\n<p>Le Children&#039;s Advocacy Center of Delaware fournit un large \u00e9ventail de services aux enfants et aux familles chaque ann\u00e9e en partenariat avec nos agences et organisations multidisciplinaires. Votre don nous aide \u00e0 offrir un environnement s\u00fbr et favorable aux enfants qui ont subi des mauvais traitements, \u00e0 offrir du soutien et des ressources aux familles et aux soignants, et \u00e0 participer \u00e0 des initiatives de pr\u00e9vention et de sensibilisation qui visent \u00e0 pr\u00e9venir les mauvais traitements avant qu&#039;ils ne surviennent.<\/p>","protected":false},"excerpt":{"rendered":"<p>Thank you for considering a gift to the Children&#8217;s Advocacy Center of Delaware. While the Children&#8217;s Advocacy Center of Delaware receives funding from both the State of Delaware and the Federal Government, the generosity of caring individuals, businesses, foundations, and community groups also helps us make a difference for children throughout all of Delaware. As [&hellip;]<\/p>\n","protected":false},"author":1,"featured_media":0,"parent":0,"menu_order":6,"comment_status":"closed","ping_status":"closed","template":"page-donations.php","meta":{"_acf_changed":false,"inline_featured_image":false,"_monsterinsights_skip_tracking":false,"_monsterinsights_sitenote_active":false,"_monsterinsights_sitenote_note":"","_monsterinsights_sitenote_category":0,"footnotes":""},"class_list":["post-47","page","type-page","status-publish","hentry"],"acf":[],"yoast_head":"<!-- This site is optimized with the Yoast SEO plugin v27.4 - https:\/\/yoast.com\/product\/yoast-seo-wordpress\/ -->\n<title>Children\u2019s Advocacy Center of Delaware - Donate To Help Abused Children<\/title>\n<meta name=\"description\" content=\"The generosity of caring people helps The Children\u2019s Advocacy Center of Delaware provides many services that support victims of child abuse.\" \/>\n<meta name=\"robots\" content=\"index, follow, max-snippet:-1, max-image-preview:large, max-video-preview:-1\" \/>\n<link rel=\"canonical\" href=\"https:\/\/cacofde.org\/fr\/donation\/\" \/>\n<meta property=\"og:locale\" content=\"fr_FR\" \/>\n<meta property=\"og:type\" content=\"article\" \/>\n<meta property=\"og:title\" content=\"Children\u2019s Advocacy Center of Delaware - Donate To Help Abused Children\" \/>\n<meta property=\"og:description\" content=\"The generosity of caring people helps The Children\u2019s Advocacy Center of Delaware provides many services that support victims of child abuse.\" \/>\n<meta property=\"og:url\" content=\"https:\/\/cacofde.org\/fr\/donation\/\" \/>\n<meta property=\"og:site_name\" content=\"Childrens Advocacy Center of Delaware\" \/>\n<meta property=\"article:modified_time\" content=\"2025-04-04T20:06:22+00:00\" \/>\n<meta property=\"og:image\" content=\"https:\/\/cacofde.org\/wp-content\/uploads\/2020\/11\/3.jpg\" \/>\n\t<meta property=\"og:image:width\" content=\"1200\" \/>\n\t<meta property=\"og:image:height\" content=\"630\" \/>\n\t<meta property=\"og:image:type\" content=\"image\/jpeg\" \/>\n<meta name=\"twitter:card\" content=\"summary_large_image\" \/>\n<meta name=\"twitter:label1\" content=\"Dur\u00e9e de lecture estim\u00e9e\" \/>\n\t<meta name=\"twitter:data1\" content=\"1 minute\" \/>\n<script type=\"application\/ld+json\" class=\"yoast-schema-graph\">{\"@context\":\"https:\\\/\\\/schema.org\",\"@graph\":[{\"@type\":\"WebPage\",\"@id\":\"https:\\\/\\\/cacofde.org\\\/donation\\\/\",\"url\":\"https:\\\/\\\/cacofde.org\\\/donation\\\/\",\"name\":\"Children\u2019s Advocacy Center of Delaware - Donate To Help Abused Children\",\"isPartOf\":{\"@id\":\"https:\\\/\\\/cacofde.org\\\/#website\"},\"datePublished\":\"2018-10-15T01:48:52+00:00\",\"dateModified\":\"2025-04-04T20:06:22+00:00\",\"description\":\"The generosity of caring people helps The Children\u2019s Advocacy Center of Delaware provides many services that support victims of child abuse.\",\"breadcrumb\":{\"@id\":\"https:\\\/\\\/cacofde.org\\\/donation\\\/#breadcrumb\"},\"inLanguage\":\"fr-FR\",\"potentialAction\":[{\"@type\":\"ReadAction\",\"target\":[\"https:\\\/\\\/cacofde.org\\\/donation\\\/\"]}]},{\"@type\":\"BreadcrumbList\",\"@id\":\"https:\\\/\\\/cacofde.org\\\/donation\\\/#breadcrumb\",\"itemListElement\":[{\"@type\":\"ListItem\",\"position\":1,\"name\":\"Home\",\"item\":\"https:\\\/\\\/cacofde.org\\\/\"},{\"@type\":\"ListItem\",\"position\":2,\"name\":\"Donation\"}]},{\"@type\":\"WebSite\",\"@id\":\"https:\\\/\\\/cacofde.org\\\/#website\",\"url\":\"https:\\\/\\\/cacofde.org\\\/\",\"name\":\"Childrens Advocacy Center of Delaware\",\"description\":\"A safe place where healing begins\",\"potentialAction\":[{\"@type\":\"SearchAction\",\"target\":{\"@type\":\"EntryPoint\",\"urlTemplate\":\"https:\\\/\\\/cacofde.org\\\/?s={search_term_string}\"},\"query-input\":{\"@type\":\"PropertyValueSpecification\",\"valueRequired\":true,\"valueName\":\"search_term_string\"}}],\"inLanguage\":\"fr-FR\"}]}<\/script>\n<!-- \/ Yoast SEO plugin. -->","yoast_head_json":{"title":"Children&#039;s Advocacy Center of Delaware - Faites un don pour aider les enfants maltrait\u00e9s","description":"La g\u00e9n\u00e9rosit\u00e9 de personnes bienveillantes aide le Children&#039;s Advocacy Center of Delaware fournit de nombreux services qui soutiennent les victimes de maltraitance d&#039;enfants.","robots":{"index":"index","follow":"follow","max-snippet":"max-snippet:-1","max-image-preview":"max-image-preview:large","max-video-preview":"max-video-preview:-1"},"canonical":"https:\/\/cacofde.org\/fr\/donation\/","og_locale":"fr_FR","og_type":"article","og_title":"Children\u2019s Advocacy Center of Delaware - Donate To Help Abused Children","og_description":"The generosity of caring people helps The Children\u2019s Advocacy Center of Delaware provides many services that support victims of child abuse.","og_url":"https:\/\/cacofde.org\/fr\/donation\/","og_site_name":"Childrens Advocacy Center of Delaware","article_modified_time":"2025-04-04T20:06:22+00:00","og_image":[{"width":1200,"height":630,"url":"https:\/\/cacofde.org\/wp-content\/uploads\/2020\/11\/3.jpg","type":"image\/jpeg"}],"twitter_card":"summary_large_image","twitter_misc":{"Dur\u00e9e de lecture estim\u00e9e":"1 minute"},"schema":{"@context":"https:\/\/schema.org","@graph":[{"@type":"WebPage","@id":"https:\/\/cacofde.org\/donation\/","url":"https:\/\/cacofde.org\/donation\/","name":"Children&#039;s Advocacy Center of Delaware - Faites un don pour aider les enfants maltrait\u00e9s","isPartOf":{"@id":"https:\/\/cacofde.org\/#website"},"datePublished":"2018-10-15T01:48:52+00:00","dateModified":"2025-04-04T20:06:22+00:00","description":"La g\u00e9n\u00e9rosit\u00e9 de personnes bienveillantes aide le Children&#039;s Advocacy Center of Delaware fournit de nombreux services qui soutiennent les victimes de maltraitance d&#039;enfants.","breadcrumb":{"@id":"https:\/\/cacofde.org\/donation\/#breadcrumb"},"inLanguage":"fr-FR","potentialAction":[{"@type":"ReadAction","target":["https:\/\/cacofde.org\/donation\/"]}]},{"@type":"BreadcrumbList","@id":"https:\/\/cacofde.org\/donation\/#breadcrumb","itemListElement":[{"@type":"ListItem","position":1,"name":"Home","item":"https:\/\/cacofde.org\/"},{"@type":"ListItem","position":2,"name":"Donation"}]},{"@type":"WebSite","@id":"https:\/\/cacofde.org\/#website","url":"https:\/\/cacofde.org\/","name":"Centre de d\u00e9fense des enfants du Delaware","description":"Un endroit s\u00fbr o\u00f9 la gu\u00e9rison commence","potentialAction":[{"@type":"SearchAction","target":{"@type":"EntryPoint","urlTemplate":"https:\/\/cacofde.org\/?s={search_term_string}"},"query-input":{"@type":"PropertyValueSpecification","valueRequired":true,"valueName":"search_term_string"}}],"inLanguage":"fr-FR"}]}},"_links":{"self":[{"href":"https:\/\/cacofde.org\/fr\/wp-json\/wp\/v2\/pages\/47","targetHints":{"allow":["GET"]}}],"collection":[{"href":"https:\/\/cacofde.org\/fr\/wp-json\/wp\/v2\/pages"}],"about":[{"href":"https:\/\/cacofde.org\/fr\/wp-json\/wp\/v2\/types\/page"}],"author":[{"embeddable":true,"href":"https:\/\/cacofde.org\/fr\/wp-json\/wp\/v2\/users\/1"}],"replies":[{"embeddable":true,"href":"https:\/\/cacofde.org\/fr\/wp-json\/wp\/v2\/comments?post=47"}],"version-history":[{"count":11,"href":"https:\/\/cacofde.org\/fr\/wp-json\/wp\/v2\/pages\/47\/revisions"}],"predecessor-version":[{"id":2076,"href":"https:\/\/cacofde.org\/fr\/wp-json\/wp\/v2\/pages\/47\/revisions\/2076"}],"wp:attachment":[{"href":"https:\/\/cacofde.org\/fr\/wp-json\/wp\/v2\/media?parent=47"}],"curies":[{"name":"wp","href":"https:\/\/api.w.org\/{rel}","templated":true}]}}