{"id":4,"date":"2018-09-28T06:43:29","date_gmt":"2018-09-28T06:43:29","guid":{"rendered":"http:\/\/fad.local\/cac\/about-page\/"},"modified":"2020-12-10T15:12:11","modified_gmt":"2020-12-10T20:12:11","slug":"about-us","status":"publish","type":"page","link":"https:\/\/cacofde.org\/fr\/about-us\/","title":{"rendered":"\u00c0 propos du Children&#039;s Advocacy Centre"},"content":{"rendered":"<p>Nous sommes un programme complet ax\u00e9 sur les enfants bas\u00e9 dans un centre s\u00fbr et adapt\u00e9 aux enfants qui facilite l&#039;application de la loi, la protection des enfants, les poursuites, la sant\u00e9 comportementale, les services sociaux et les communaut\u00e9s m\u00e9dicales travaillant ensemble lors d&#039;interventions dans des cas de maltraitance d&#039;enfants. L&#039;objectif principal de tous les centres de d\u00e9fense des enfants est de veiller \u00e0 ce que les enfants ne soient pas davantage traumatis\u00e9s ou victimis\u00e9s par les syst\u00e8mes con\u00e7us pour les prot\u00e9ger. Nous accomplissons cela en travaillant ensemble en \u00e9quipe multidisciplinaire et en interrogeant les enfants avec des enqu\u00eateurs m\u00e9dico-l\u00e9gaux sp\u00e9cialement form\u00e9s et exp\u00e9riment\u00e9s d&#039;une mani\u00e8re qui soit juridiquement saine, suit les \u00abmeilleures pratiques\u00bb accept\u00e9es au niveau national et minimise les entretiens en double et inutiles.<\/p>","protected":false},"excerpt":{"rendered":"<p>We&#8217;re a comprehensive, child-focused program based in a safe and child-friendly center that facilitates law enforcement, child protection, prosecution, behavioral health, social services, and medical communities working together when intervening in child abuse cases. The main goal of all Children\u2019s Advocacy Centers is to make sure that children are not further traumatized or victimized by [&hellip;]<\/p>\n","protected":false},"author":1,"featured_media":236,"parent":0,"menu_order":2,"comment_status":"closed","ping_status":"closed","template":"","meta":{"_acf_changed":false,"inline_featured_image":false,"_monsterinsights_skip_tracking":false,"_monsterinsights_sitenote_active":false,"_monsterinsights_sitenote_note":"","_monsterinsights_sitenote_category":0,"footnotes":""},"class_list":["post-4","page","type-page","status-publish","has-post-thumbnail","hentry"],"acf":[],"yoast_head":"<!-- This site is optimized with the Yoast SEO plugin v27.3 - https:\/\/yoast.com\/product\/yoast-seo-wordpress\/ -->\n<title>Children\u2019s Advocacy Center of Delaware - Child Abuse Support Program<\/title>\n<meta name=\"description\" content=\"The Children&#039;s Advocacy Center of Delaware provide a comprehensive response to allegations of child abuse in a safe, child focused setting.\" \/>\n<meta name=\"robots\" content=\"index, follow, max-snippet:-1, max-image-preview:large, max-video-preview:-1\" \/>\n<link rel=\"canonical\" href=\"https:\/\/cacofde.org\/fr\/about-us\/\" \/>\n<meta property=\"og:locale\" content=\"fr_FR\" \/>\n<meta property=\"og:type\" content=\"article\" \/>\n<meta property=\"og:title\" content=\"Children\u2019s Advocacy Center of Delaware - Child Abuse Support Program\" \/>\n<meta property=\"og:description\" content=\"The Children&#039;s Advocacy Center of Delaware provide a comprehensive response to allegations of child abuse in a safe, child focused setting.\" \/>\n<meta property=\"og:url\" content=\"https:\/\/cacofde.org\/fr\/about-us\/\" \/>\n<meta property=\"og:site_name\" content=\"Childrens Advocacy Center of Delaware\" \/>\n<meta property=\"article:modified_time\" content=\"2020-12-10T20:12:11+00:00\" \/>\n<meta property=\"og:image\" content=\"https:\/\/cacofde.org\/wp-content\/uploads\/2018\/11\/featured-image-aboutus.jpg\" \/>\n\t<meta property=\"og:image:width\" content=\"670\" \/>\n\t<meta property=\"og:image:height\" content=\"473\" \/>\n\t<meta property=\"og:image:type\" content=\"image\/jpeg\" \/>\n<meta name=\"twitter:card\" content=\"summary_large_image\" \/>\n<meta name=\"twitter:label1\" content=\"Dur\u00e9e de lecture estim\u00e9e\" \/>\n\t<meta name=\"twitter:data1\" content=\"1 minute\" \/>\n<script type=\"application\/ld+json\" class=\"yoast-schema-graph\">{\"@context\":\"https:\\\/\\\/schema.org\",\"@graph\":[{\"@type\":\"WebPage\",\"@id\":\"https:\\\/\\\/cacofde.org\\\/about-us\\\/\",\"url\":\"https:\\\/\\\/cacofde.org\\\/about-us\\\/\",\"name\":\"Children\u2019s Advocacy Center of Delaware - Child Abuse Support Program\",\"isPartOf\":{\"@id\":\"https:\\\/\\\/cacofde.org\\\/#website\"},\"primaryImageOfPage\":{\"@id\":\"https:\\\/\\\/cacofde.org\\\/about-us\\\/#primaryimage\"},\"image\":{\"@id\":\"https:\\\/\\\/cacofde.org\\\/about-us\\\/#primaryimage\"},\"thumbnailUrl\":\"https:\\\/\\\/cacofde.org\\\/wp-content\\\/uploads\\\/2018\\\/11\\\/featured-image-aboutus.jpg\",\"datePublished\":\"2018-09-28T06:43:29+00:00\",\"dateModified\":\"2020-12-10T20:12:11+00:00\",\"description\":\"The Children's Advocacy Center of Delaware provide a comprehensive response to allegations of child abuse in a safe, child focused setting.\",\"breadcrumb\":{\"@id\":\"https:\\\/\\\/cacofde.org\\\/about-us\\\/#breadcrumb\"},\"inLanguage\":\"fr-FR\",\"potentialAction\":[{\"@type\":\"ReadAction\",\"target\":[\"https:\\\/\\\/cacofde.org\\\/about-us\\\/\"]}]},{\"@type\":\"ImageObject\",\"inLanguage\":\"fr-FR\",\"@id\":\"https:\\\/\\\/cacofde.org\\\/about-us\\\/#primaryimage\",\"url\":\"https:\\\/\\\/cacofde.org\\\/wp-content\\\/uploads\\\/2018\\\/11\\\/featured-image-aboutus.jpg\",\"contentUrl\":\"https:\\\/\\\/cacofde.org\\\/wp-content\\\/uploads\\\/2018\\\/11\\\/featured-image-aboutus.jpg\",\"width\":670,\"height\":473},{\"@type\":\"BreadcrumbList\",\"@id\":\"https:\\\/\\\/cacofde.org\\\/about-us\\\/#breadcrumb\",\"itemListElement\":[{\"@type\":\"ListItem\",\"position\":1,\"name\":\"Home\",\"item\":\"https:\\\/\\\/cacofde.org\\\/\"},{\"@type\":\"ListItem\",\"position\":2,\"name\":\"About the Children\u2019s Advocacy Center\"}]},{\"@type\":\"WebSite\",\"@id\":\"https:\\\/\\\/cacofde.org\\\/#website\",\"url\":\"https:\\\/\\\/cacofde.org\\\/\",\"name\":\"Childrens Advocacy Center of Delaware\",\"description\":\"A safe place where healing begins\",\"potentialAction\":[{\"@type\":\"SearchAction\",\"target\":{\"@type\":\"EntryPoint\",\"urlTemplate\":\"https:\\\/\\\/cacofde.org\\\/?s={search_term_string}\"},\"query-input\":{\"@type\":\"PropertyValueSpecification\",\"valueRequired\":true,\"valueName\":\"search_term_string\"}}],\"inLanguage\":\"fr-FR\"}]}<\/script>\n<!-- \/ Yoast SEO plugin. -->","yoast_head_json":{"title":"Children&#039;s Advocacy Center of Delaware - Programme de soutien \u00e0 la maltraitance des enfants","description":"Le Children&#039;s Advocacy Center of Delaware fournit une r\u00e9ponse globale aux all\u00e9gations de maltraitance d&#039;enfants dans un cadre s\u00fbr et ax\u00e9 sur l&#039;enfant.","robots":{"index":"index","follow":"follow","max-snippet":"max-snippet:-1","max-image-preview":"max-image-preview:large","max-video-preview":"max-video-preview:-1"},"canonical":"https:\/\/cacofde.org\/fr\/about-us\/","og_locale":"fr_FR","og_type":"article","og_title":"Children\u2019s Advocacy Center of Delaware - Child Abuse Support Program","og_description":"The Children's Advocacy Center of Delaware provide a comprehensive response to allegations of child abuse in a safe, child focused setting.","og_url":"https:\/\/cacofde.org\/fr\/about-us\/","og_site_name":"Childrens Advocacy Center of Delaware","article_modified_time":"2020-12-10T20:12:11+00:00","og_image":[{"width":670,"height":473,"url":"https:\/\/cacofde.org\/wp-content\/uploads\/2018\/11\/featured-image-aboutus.jpg","type":"image\/jpeg"}],"twitter_card":"summary_large_image","twitter_misc":{"Dur\u00e9e de lecture estim\u00e9e":"1 minute"},"schema":{"@context":"https:\/\/schema.org","@graph":[{"@type":"WebPage","@id":"https:\/\/cacofde.org\/about-us\/","url":"https:\/\/cacofde.org\/about-us\/","name":"Children&#039;s Advocacy Center of Delaware - Programme de soutien \u00e0 la maltraitance des enfants","isPartOf":{"@id":"https:\/\/cacofde.org\/#website"},"primaryImageOfPage":{"@id":"https:\/\/cacofde.org\/about-us\/#primaryimage"},"image":{"@id":"https:\/\/cacofde.org\/about-us\/#primaryimage"},"thumbnailUrl":"https:\/\/cacofde.org\/wp-content\/uploads\/2018\/11\/featured-image-aboutus.jpg","datePublished":"2018-09-28T06:43:29+00:00","dateModified":"2020-12-10T20:12:11+00:00","description":"Le Children&#039;s Advocacy Center of Delaware fournit une r\u00e9ponse globale aux all\u00e9gations de maltraitance d&#039;enfants dans un cadre s\u00fbr et ax\u00e9 sur l&#039;enfant.","breadcrumb":{"@id":"https:\/\/cacofde.org\/about-us\/#breadcrumb"},"inLanguage":"fr-FR","potentialAction":[{"@type":"ReadAction","target":["https:\/\/cacofde.org\/about-us\/"]}]},{"@type":"ImageObject","inLanguage":"fr-FR","@id":"https:\/\/cacofde.org\/about-us\/#primaryimage","url":"https:\/\/cacofde.org\/wp-content\/uploads\/2018\/11\/featured-image-aboutus.jpg","contentUrl":"https:\/\/cacofde.org\/wp-content\/uploads\/2018\/11\/featured-image-aboutus.jpg","width":670,"height":473},{"@type":"BreadcrumbList","@id":"https:\/\/cacofde.org\/about-us\/#breadcrumb","itemListElement":[{"@type":"ListItem","position":1,"name":"Home","item":"https:\/\/cacofde.org\/"},{"@type":"ListItem","position":2,"name":"About the Children\u2019s Advocacy Center"}]},{"@type":"WebSite","@id":"https:\/\/cacofde.org\/#website","url":"https:\/\/cacofde.org\/","name":"Centre de d\u00e9fense des enfants du Delaware","description":"Un endroit s\u00fbr o\u00f9 la gu\u00e9rison commence","potentialAction":[{"@type":"SearchAction","target":{"@type":"EntryPoint","urlTemplate":"https:\/\/cacofde.org\/?s={search_term_string}"},"query-input":{"@type":"PropertyValueSpecification","valueRequired":true,"valueName":"search_term_string"}}],"inLanguage":"fr-FR"}]}},"_links":{"self":[{"href":"https:\/\/cacofde.org\/fr\/wp-json\/wp\/v2\/pages\/4","targetHints":{"allow":["GET"]}}],"collection":[{"href":"https:\/\/cacofde.org\/fr\/wp-json\/wp\/v2\/pages"}],"about":[{"href":"https:\/\/cacofde.org\/fr\/wp-json\/wp\/v2\/types\/page"}],"author":[{"embeddable":true,"href":"https:\/\/cacofde.org\/fr\/wp-json\/wp\/v2\/users\/1"}],"replies":[{"embeddable":true,"href":"https:\/\/cacofde.org\/fr\/wp-json\/wp\/v2\/comments?post=4"}],"version-history":[{"count":10,"href":"https:\/\/cacofde.org\/fr\/wp-json\/wp\/v2\/pages\/4\/revisions"}],"predecessor-version":[{"id":1475,"href":"https:\/\/cacofde.org\/fr\/wp-json\/wp\/v2\/pages\/4\/revisions\/1475"}],"wp:featuredmedia":[{"embeddable":true,"href":"https:\/\/cacofde.org\/fr\/wp-json\/wp\/v2\/media\/236"}],"wp:attachment":[{"href":"https:\/\/cacofde.org\/fr\/wp-json\/wp\/v2\/media?parent=4"}],"curies":[{"name":"wp","href":"https:\/\/api.w.org\/{rel}","templated":true}]}}