{"id":3,"date":"2018-09-28T06:43:28","date_gmt":"2018-09-28T06:43:28","guid":{"rendered":"http:\/\/fad.local\/cac\/front-page\/"},"modified":"2020-11-09T16:44:32","modified_gmt":"2020-11-09T21:44:32","slug":"front-page","status":"publish","type":"page","link":"https:\/\/cacofde.org\/fr\/","title":{"rendered":"Page de garde"},"content":{"rendered":"<p>Le Children&#039;s Advocacy Centre of Delaware fournit une gamme de services ax\u00e9s sur les enfants dans un cadre s\u00fbr et adapt\u00e9 aux enfants afin d&#039;aider \u00e0 l&#039;\u00e9valuation et aux r\u00e9f\u00e9rences aux ressources et services n\u00e9cessaires, ainsi qu&#039;aux enqu\u00eates sur les all\u00e9gations de maltraitance et de n\u00e9gligence envers les enfants, tout en veiller \u00e0 ce que les enfants et leurs familles re\u00e7oivent un soutien imm\u00e9diat, efficace et sensible.<\/p>\n<p>Ces services comprennent des entretiens m\u00e9dico-l\u00e9gaux avec des enfants, une \u00e9valuation et une orientation pour des services sociaux et de sant\u00e9 comportementale et des \u00e9valuations m\u00e9dicales. Nous participons \u00e9galement \u00e0 des initiatives de sensibilisation et de pr\u00e9vention de la maltraitance des enfants \u00e0 travers l&#039;\u00c9tat.<\/p>\n<p>Le Centre de d\u00e9fense des droits des enfants du Delaware fournit un soutien et des ressources \u00e0 l&#039;\u00e9chelle de l&#039;\u00c9tat par l&#039;interm\u00e9diaire de centres situ\u00e9s \u00e0 Wilmington, Dover et Georgetown.<\/p>","protected":false},"excerpt":{"rendered":"<p>The Children\u2019s Advocacy Center of Delaware provides an array of child-focused services in a safe, child-friendly setting in order to assist in the assessment of and referrals to needed resources and services, and the investigation of allegations of child abuse and neglect, while ensuring the children and their families receive immediate, effective and sensitive support. [&hellip;]<\/p>\n","protected":false},"author":1,"featured_media":119,"parent":0,"menu_order":1,"comment_status":"closed","ping_status":"closed","template":"","meta":{"_acf_changed":false,"inline_featured_image":false,"_monsterinsights_skip_tracking":false,"_monsterinsights_sitenote_active":false,"_monsterinsights_sitenote_note":"","_monsterinsights_sitenote_category":0,"footnotes":""},"class_list":["post-3","page","type-page","status-publish","has-post-thumbnail","hentry"],"acf":[],"yoast_head":"<!-- This site is optimized with the Yoast SEO plugin v27.4 - https:\/\/yoast.com\/product\/yoast-seo-wordpress\/ -->\n<title>Children&#039;s Advocacy Center of Delaware - Child Abuse Support Program<\/title>\n<meta name=\"description\" content=\"The Children\u2019s Advocacy Center of Delaware provides comprehensive and timely child-focused services in a safe, child-friendly setting.\" \/>\n<meta name=\"robots\" content=\"index, follow, max-snippet:-1, max-image-preview:large, max-video-preview:-1\" \/>\n<link rel=\"canonical\" href=\"https:\/\/cacofde.org\/fr\/\" \/>\n<meta property=\"og:locale\" content=\"fr_FR\" \/>\n<meta property=\"og:type\" content=\"article\" \/>\n<meta property=\"og:title\" content=\"Children&#039;s Advocacy Center of Delaware - Child Abuse Support Program\" \/>\n<meta property=\"og:description\" content=\"The Children\u2019s Advocacy Center of Delaware provides comprehensive and timely child-focused services in a safe, child-friendly setting.\" \/>\n<meta property=\"og:url\" content=\"https:\/\/cacofde.org\/fr\/\" \/>\n<meta property=\"og:site_name\" content=\"Childrens Advocacy Center of Delaware\" \/>\n<meta property=\"article:modified_time\" content=\"2020-11-09T21:44:32+00:00\" \/>\n<meta property=\"og:image\" content=\"https:\/\/cacofde.org\/wp-content\/uploads\/2020\/11\/3.jpg\" \/>\n\t<meta property=\"og:image:width\" content=\"1200\" \/>\n\t<meta property=\"og:image:height\" content=\"630\" \/>\n\t<meta property=\"og:image:type\" content=\"image\/jpeg\" \/>\n<meta name=\"twitter:card\" content=\"summary_large_image\" \/>\n<meta name=\"twitter:image\" content=\"https:\/\/cacofde.org\/wp-content\/uploads\/2020\/11\/3.jpg\" \/>\n<meta name=\"twitter:label1\" content=\"Dur\u00e9e de lecture estim\u00e9e\" \/>\n\t<meta name=\"twitter:data1\" content=\"1 minute\" \/>\n<script type=\"application\/ld+json\" class=\"yoast-schema-graph\">{\"@context\":\"https:\\\/\\\/schema.org\",\"@graph\":[{\"@type\":\"WebPage\",\"@id\":\"https:\\\/\\\/cacofde.org\\\/\",\"url\":\"https:\\\/\\\/cacofde.org\\\/\",\"name\":\"Children's Advocacy Center of Delaware - Child Abuse Support Program\",\"isPartOf\":{\"@id\":\"https:\\\/\\\/cacofde.org\\\/#website\"},\"primaryImageOfPage\":{\"@id\":\"https:\\\/\\\/cacofde.org\\\/#primaryimage\"},\"image\":{\"@id\":\"https:\\\/\\\/cacofde.org\\\/#primaryimage\"},\"thumbnailUrl\":\"https:\\\/\\\/cacofde.org\\\/wp-content\\\/uploads\\\/2018\\\/10\\\/home-featured.png\",\"datePublished\":\"2018-09-28T06:43:28+00:00\",\"dateModified\":\"2020-11-09T21:44:32+00:00\",\"description\":\"The Children\u2019s Advocacy Center of Delaware provides comprehensive and timely child-focused services in a safe, child-friendly setting.\",\"breadcrumb\":{\"@id\":\"https:\\\/\\\/cacofde.org\\\/#breadcrumb\"},\"inLanguage\":\"fr-FR\",\"potentialAction\":[{\"@type\":\"ReadAction\",\"target\":[\"https:\\\/\\\/cacofde.org\\\/\"]}]},{\"@type\":\"ImageObject\",\"inLanguage\":\"fr-FR\",\"@id\":\"https:\\\/\\\/cacofde.org\\\/#primaryimage\",\"url\":\"https:\\\/\\\/cacofde.org\\\/wp-content\\\/uploads\\\/2018\\\/10\\\/home-featured.png\",\"contentUrl\":\"https:\\\/\\\/cacofde.org\\\/wp-content\\\/uploads\\\/2018\\\/10\\\/home-featured.png\",\"width\":656,\"height\":580},{\"@type\":\"BreadcrumbList\",\"@id\":\"https:\\\/\\\/cacofde.org\\\/#breadcrumb\",\"itemListElement\":[{\"@type\":\"ListItem\",\"position\":1,\"name\":\"Home\",\"item\":\"https:\\\/\\\/cacofde.org\\\/\"},{\"@type\":\"ListItem\",\"position\":2,\"name\":\"Front Page\"}]},{\"@type\":\"WebSite\",\"@id\":\"https:\\\/\\\/cacofde.org\\\/#website\",\"url\":\"https:\\\/\\\/cacofde.org\\\/\",\"name\":\"Childrens Advocacy Center of Delaware\",\"description\":\"A safe place where healing begins\",\"potentialAction\":[{\"@type\":\"SearchAction\",\"target\":{\"@type\":\"EntryPoint\",\"urlTemplate\":\"https:\\\/\\\/cacofde.org\\\/?s={search_term_string}\"},\"query-input\":{\"@type\":\"PropertyValueSpecification\",\"valueRequired\":true,\"valueName\":\"search_term_string\"}}],\"inLanguage\":\"fr-FR\"}]}<\/script>\n<!-- \/ Yoast SEO plugin. -->","yoast_head_json":{"title":"Children&#039;s Advocacy Center of Delaware - Programme de soutien \u00e0 la maltraitance des enfants","description":"Le Children&#039;s Advocacy Center of Delaware fournit des services complets et opportuns ax\u00e9s sur les enfants dans un cadre s\u00fbr et adapt\u00e9 aux enfants.","robots":{"index":"index","follow":"follow","max-snippet":"max-snippet:-1","max-image-preview":"max-image-preview:large","max-video-preview":"max-video-preview:-1"},"canonical":"https:\/\/cacofde.org\/fr\/","og_locale":"fr_FR","og_type":"article","og_title":"Children's Advocacy Center of Delaware - Child Abuse Support Program","og_description":"The Children\u2019s Advocacy Center of Delaware provides comprehensive and timely child-focused services in a safe, child-friendly setting.","og_url":"https:\/\/cacofde.org\/fr\/","og_site_name":"Childrens Advocacy Center of Delaware","article_modified_time":"2020-11-09T21:44:32+00:00","og_image":[{"width":1200,"height":630,"url":"https:\/\/cacofde.org\/wp-content\/uploads\/2020\/11\/3.jpg","type":"image\/jpeg"}],"twitter_card":"summary_large_image","twitter_image":"https:\/\/cacofde.org\/wp-content\/uploads\/2020\/11\/3.jpg","twitter_misc":{"Dur\u00e9e de lecture estim\u00e9e":"1 minute"},"schema":{"@context":"https:\/\/schema.org","@graph":[{"@type":"WebPage","@id":"https:\/\/cacofde.org\/","url":"https:\/\/cacofde.org\/","name":"Children&#039;s Advocacy Center of Delaware - Programme de soutien \u00e0 la maltraitance des enfants","isPartOf":{"@id":"https:\/\/cacofde.org\/#website"},"primaryImageOfPage":{"@id":"https:\/\/cacofde.org\/#primaryimage"},"image":{"@id":"https:\/\/cacofde.org\/#primaryimage"},"thumbnailUrl":"https:\/\/cacofde.org\/wp-content\/uploads\/2018\/10\/home-featured.png","datePublished":"2018-09-28T06:43:28+00:00","dateModified":"2020-11-09T21:44:32+00:00","description":"Le Children&#039;s Advocacy Center of Delaware fournit des services complets et opportuns ax\u00e9s sur les enfants dans un cadre s\u00fbr et adapt\u00e9 aux enfants.","breadcrumb":{"@id":"https:\/\/cacofde.org\/#breadcrumb"},"inLanguage":"fr-FR","potentialAction":[{"@type":"ReadAction","target":["https:\/\/cacofde.org\/"]}]},{"@type":"ImageObject","inLanguage":"fr-FR","@id":"https:\/\/cacofde.org\/#primaryimage","url":"https:\/\/cacofde.org\/wp-content\/uploads\/2018\/10\/home-featured.png","contentUrl":"https:\/\/cacofde.org\/wp-content\/uploads\/2018\/10\/home-featured.png","width":656,"height":580},{"@type":"BreadcrumbList","@id":"https:\/\/cacofde.org\/#breadcrumb","itemListElement":[{"@type":"ListItem","position":1,"name":"Home","item":"https:\/\/cacofde.org\/"},{"@type":"ListItem","position":2,"name":"Front Page"}]},{"@type":"WebSite","@id":"https:\/\/cacofde.org\/#website","url":"https:\/\/cacofde.org\/","name":"Centre de d\u00e9fense des enfants du Delaware","description":"Un endroit s\u00fbr o\u00f9 la gu\u00e9rison commence","potentialAction":[{"@type":"SearchAction","target":{"@type":"EntryPoint","urlTemplate":"https:\/\/cacofde.org\/?s={search_term_string}"},"query-input":{"@type":"PropertyValueSpecification","valueRequired":true,"valueName":"search_term_string"}}],"inLanguage":"fr-FR"}]}},"_links":{"self":[{"href":"https:\/\/cacofde.org\/fr\/wp-json\/wp\/v2\/pages\/3","targetHints":{"allow":["GET"]}}],"collection":[{"href":"https:\/\/cacofde.org\/fr\/wp-json\/wp\/v2\/pages"}],"about":[{"href":"https:\/\/cacofde.org\/fr\/wp-json\/wp\/v2\/types\/page"}],"author":[{"embeddable":true,"href":"https:\/\/cacofde.org\/fr\/wp-json\/wp\/v2\/users\/1"}],"replies":[{"embeddable":true,"href":"https:\/\/cacofde.org\/fr\/wp-json\/wp\/v2\/comments?post=3"}],"version-history":[{"count":10,"href":"https:\/\/cacofde.org\/fr\/wp-json\/wp\/v2\/pages\/3\/revisions"}],"predecessor-version":[{"id":1384,"href":"https:\/\/cacofde.org\/fr\/wp-json\/wp\/v2\/pages\/3\/revisions\/1384"}],"wp:featuredmedia":[{"embeddable":true,"href":"https:\/\/cacofde.org\/fr\/wp-json\/wp\/v2\/media\/119"}],"wp:attachment":[{"href":"https:\/\/cacofde.org\/fr\/wp-json\/wp\/v2\/media?parent=3"}],"curies":[{"name":"wp","href":"https:\/\/api.w.org\/{rel}","templated":true}]}}