{"id":292,"date":"2018-11-07T09:30:48","date_gmt":"2018-11-07T09:30:48","guid":{"rendered":"http:\/\/firstascentstaging.com\/cac\/?page_id=292"},"modified":"2020-11-03T10:37:32","modified_gmt":"2020-11-03T15:37:32","slug":"privacy-policy","status":"publish","type":"page","link":"https:\/\/cacofde.org\/fr\/privacy-policy\/","title":{"rendered":"Politique de confidentialit\u00e9"},"content":{"rendered":"<p>Cette politique de confidentialit\u00e9 a \u00e9t\u00e9 compil\u00e9e pour mieux servir ceux qui sont pr\u00e9occup\u00e9s par la fa\u00e7on dont leurs `` informations personnelles identifiables &#039;&#039; (PII) sont utilis\u00e9es en ligne. Les PII, telles qu&#039;utilis\u00e9es dans la loi am\u00e9ricaine sur la confidentialit\u00e9 et la s\u00e9curit\u00e9 de l&#039;information, sont des informations qui peuvent \u00eatre utilis\u00e9es seules ou avec d&#039;autres informations pour identifier, contacter ou localiser une seule personne, ou pour identifier une personne dans son contexte. Veuillez lire attentivement notre politique de confidentialit\u00e9 pour bien comprendre comment nous collectons, utilisons, prot\u00e9geons ou traitons vos informations personnellement identifiables conform\u00e9ment \u00e0 notre site Web.<\/p>\n<h4>Quelles informations personnelles collectons-nous aupr\u00e8s des personnes qui visitent notre blog, site Web ou application?<\/h4>\n<p>Lors de la commande ou de l&#039;inscription sur notre site, selon le cas, il peut vous \u00eatre demand\u00e9 de saisir votre nom, votre adresse e-mail, votre adresse postale, votre num\u00e9ro de t\u00e9l\u00e9phone ou d&#039;autres d\u00e9tails pour vous aider dans votre exp\u00e9rience.<\/p>\n<h4>Quand recueillons-nous des informations?<\/h4>\n<p>Nous recueillons des informations aupr\u00e8s de vous lorsque vous vous inscrivez sur notre site, passez une commande, vous abonnez \u00e0 une newsletter, r\u00e9pondez \u00e0 une enqu\u00eate, remplissez un formulaire ou entrez des informations sur notre site.<\/p>\n<h4>Comment utilisons-nous vos informations?<\/h4>\n<p>Nous pouvons utiliser les informations que nous recueillons aupr\u00e8s de vous lorsque vous vous inscrivez, effectuez un achat, vous inscrivez \u00e0 notre newsletter, r\u00e9pondez \u00e0 un sondage ou \u00e0 une communication marketing, surfez sur le site Web ou utilisez certaines autres fonctionnalit\u00e9s du site de la mani\u00e8re suivante:<\/p>\n<ul>\n<li>Personnaliser l&#039;exp\u00e9rience utilisateur et nous permettre de proposer le type de contenu et les offres de produits qui vous int\u00e9ressent le plus.<\/li>\n<li>Am\u00e9liorer notre site Web afin de mieux vous servir.<\/li>\n<li>Pour administrer un concours, une promotion, un sondage ou une autre fonctionnalit\u00e9 du site.<\/li>\n<li>Pour envoyer des courriels p\u00e9riodiques concernant votre commande ou d&#039;autres produits et services.<\/li>\n<\/ul>\n<h4>Comment prot\u00e8ge-t-on l&#039;information des visiteurs?<\/h4>\n<p>Nous n&#039;utilisons pas d&#039;analyse de vuln\u00e9rabilit\u00e9 et \/ ou d&#039;analyse aux normes PCI.<br \/>\nNous utilisons une analyse r\u00e9guli\u00e8re des logiciels malveillants.<br \/>\nNous n&#039;utilisons pas de certificat SSL<\/p>\n<ul>\n<li>Nous n&#039;avons pas besoin d&#039;un SSL car:<\/li>\n<\/ul>\n<p>Nous ne traitons pas les transactions mon\u00e9taires sur le site Web<\/p>\n<h4>Utilisons-nous des \u00abcookies\u00bb?<\/h4>\n<p>Oui. Les cookies sont de petits fichiers qu&#039;un site ou son fournisseur de services transf\u00e8re sur le disque dur de votre ordinateur via votre navigateur Web (si vous l&#039;autorisez) qui permettent aux syst\u00e8mes du site ou du fournisseur de services de reconna\u00eetre votre navigateur et de capturer et de m\u00e9moriser certaines informations. Par exemple, nous utilisons des cookies pour nous aider \u00e0 m\u00e9moriser et traiter les articles de votre panier. Ils sont \u00e9galement utilis\u00e9s pour nous aider \u00e0 comprendre vos pr\u00e9f\u00e9rences en fonction de l&#039;activit\u00e9 pr\u00e9c\u00e9dente ou actuelle du site, ce qui nous permet de vous fournir des services am\u00e9lior\u00e9s. Nous utilisons \u00e9galement des cookies pour nous aider \u00e0 compiler des donn\u00e9es agr\u00e9g\u00e9es sur le trafic du site et l&#039;interaction du site afin que nous puissions offrir de meilleures exp\u00e9riences et outils sur le site \u00e0 l&#039;avenir.<\/p>\n<h4>Nous utilisons des cookies pour:<\/h4>\n<ul>\n<li>Comprenez et enregistrez les pr\u00e9f\u00e9rences de l&#039;utilisateur pour les prochaines visites.<\/li>\n<li>Gardez une trace des publicit\u00e9s.<\/li>\n<li>Compilez des donn\u00e9es agr\u00e9g\u00e9es sur le trafic du site et les interactions du site afin d&#039;offrir de meilleures exp\u00e9riences et outils sur le site \u00e0 l&#039;avenir. Nous pouvons \u00e9galement utiliser des services tiers de confiance qui suivent ces informations en notre nom.<br \/>\nVous pouvez choisir que votre ordinateur vous avertisse chaque fois qu&#039;un cookie est envoy\u00e9, ou vous pouvez choisir de d\u00e9sactiver tous les cookies. Vous faites cela via les param\u00e8tres de votre navigateur (comme Internet Explorer). Chaque navigateur est un peu diff\u00e9rent, alors regardez le menu Aide de votre navigateur pour savoir comment modifier correctement vos cookies.<\/li>\n<\/ul>\n<p>Si vous d\u00e9sactivez les cookies, certaines fonctionnalit\u00e9s seront d\u00e9sactiv\u00e9es. Cela n&#039;affectera pas l&#039;exp\u00e9rience des utilisateurs qui rendra l&#039;exp\u00e9rience de votre site plus efficace et certains de nos services ne fonctionneront pas correctement.<br \/>\nCependant, vous pouvez toujours passer des commandes.<\/p>\n<h4>Divulgation par un tiers<\/h4>\n<p>Nous ne vendons, n&#039;\u00e9changeons ni ne transf\u00e9rons \u00e0 des tiers vos informations personnellement identifiables \u00e0 moins que nous vous en informions \u00e0 l&#039;avance. Cela n&#039;inclut pas les partenaires d&#039;h\u00e9bergement de sites Web et les autres parties qui nous aident \u00e0 exploiter notre site Web, \u00e0 mener nos activit\u00e9s ou \u00e0 vous servir, tant que ces parties acceptent de garder ces informations confidentielles. Nous pouvons \u00e9galement divulguer vos informations lorsque nous pensons que la publication est appropri\u00e9e pour se conformer \u00e0 la loi, appliquer les politiques de notre site ou prot\u00e9ger nos droits, notre propri\u00e9t\u00e9 ou notre s\u00e9curit\u00e9 ou ceux d&#039;autres personnes. Cependant, des informations de visiteur non personnellement identifiables peuvent \u00eatre fournies \u00e0 d&#039;autres parties \u00e0 des fins de marketing, de publicit\u00e9 ou d&#039;autres utilisations.<\/p>\n<h4>Liens tiers<\/h4>\n<p>Nous n&#039;incluons ni n&#039;offrons de produits ou de services tiers sur notre site Web.<\/p>\n<h4>Google<\/h4>\n<p>Les exigences publicitaires de Google peuvent \u00eatre r\u00e9sum\u00e9es par les principes publicitaires de Google. Ils sont mis en place pour offrir une exp\u00e9rience positive aux utilisateurs. https:\/\/support.google.com\/adwordspolicy\/answer\/1316548?hl=fr<br \/>\nNous utilisons la publicit\u00e9 Google AdSense sur notre site Web.<br \/>\nGoogle, en tant que fournisseur tiers, utilise des cookies pour diffuser des annonces sur notre site. L&#039;utilisation par Google du cookie DART lui permet de diffuser des annonces \u00e0 nos utilisateurs en fonction de leur visite sur notre site et d&#039;autres sites sur Internet. Les utilisateurs peuvent refuser l&#039;utilisation du cookie DART en visitant la politique de confidentialit\u00e9 de la publicit\u00e9 et du r\u00e9seau de contenu de Google.<\/p>\n<h4>Nous avons mis en \u0153uvre les \u00e9l\u00e9ments suivants:<\/h4>\n<ul>\n<li>Rapports sur les impressions sur le R\u00e9seau Display de Google<\/li>\n<li>Rapports sur les donn\u00e9es d\u00e9mographiques et les int\u00e9r\u00eats<\/li>\n<\/ul>\n<p>En collaboration avec des fournisseurs tiers, tels que Google, nous utilisons des cookies propri\u00e9taires (tels que les cookies Google Analytics) et des cookies tiers (tels que le cookie DoubleClick) ou d&#039;autres identifiants tiers ensemble pour compiler des donn\u00e9es concernant les interactions des utilisateurs avec impressions publicitaires et autres fonctions de services publicitaires li\u00e9es \u00e0 notre site Web.<br \/>\nD\u00e9sactivation:<br \/>\nLes utilisateurs peuvent d\u00e9finir des pr\u00e9f\u00e9rences pour la mani\u00e8re dont Google vous annonce \u00e0 l&#039;aide de la page Param\u00e8tres des annonces Google. Vous pouvez \u00e9galement vous d\u00e9sinscrire en visitant la page de d\u00e9sactivation de l&#039;initiative de publicit\u00e9 sur le r\u00e9seau ou en utilisant de mani\u00e8re permanente le module compl\u00e9mentaire du navigateur de d\u00e9sactivation de Google Analytics.<\/p>\n<h4>California Online Privacy Protection Act<\/h4>\n<p>CalOPPA est la premi\u00e8re loi d&#039;\u00c9tat du pays \u00e0 exiger que les sites Web commerciaux et les services en ligne publient une politique de confidentialit\u00e9. La port\u00e9e de la loi s&#039;\u00e9tend bien au-del\u00e0 de la Californie pour obliger une personne ou une entreprise aux \u00c9tats-Unis (et \u00e9ventuellement dans le monde) qui exploite des sites Web collectant des informations personnellement identifiables aupr\u00e8s des consommateurs californiens \u00e0 publier une politique de confidentialit\u00e9 bien visible sur son site Web indiquant exactement les informations collect\u00e9es et celles les personnes avec lesquelles il est partag\u00e9 et de se conformer \u00e0 cette politique. - Pour en savoir plus: http:\/\/consumercal.org\/california-online-privacy-protection-act-caloppa\/#sthash.0FdRbT51.dpuf<\/p>\n<h4>Selon CalOPPA, nous acceptons ce qui suit:<\/h4>\n<p>Les utilisateurs peuvent visiter notre site de mani\u00e8re anonyme<br \/>\nUne fois cette politique de confidentialit\u00e9 cr\u00e9\u00e9e, nous ajouterons un lien vers celle-ci sur notre page d&#039;accueil, ou au minimum sur la premi\u00e8re page significative apr\u00e8s avoir acc\u00e9d\u00e9 \u00e0 notre site Web.<br \/>\nNotre lien Politique de confidentialit\u00e9 comprend le mot \u00abConfidentialit\u00e9\u00bb et peut \u00eatre facilement trouv\u00e9 sur la page sp\u00e9cifi\u00e9e ci-dessus.<br \/>\nLes utilisateurs seront inform\u00e9s de tout changement de politique de confidentialit\u00e9:<\/p>\n<ul>\n<li>Sur notre page de politique de confidentialit\u00e9<\/li>\n<\/ul>\n<p>Les utilisateurs peuvent modifier leurs informations personnelles:<\/p>\n<ul>\n<li>En nous envoyant un courriel<\/li>\n<\/ul>\n<h4>Comment notre site g\u00e8re-t-il ne pas suivre les signaux?<\/h4>\n<p>Nous n&#039;acceptons pas de ne pas suivre les signaux et de ne pas suivre, installer des cookies ou utiliser de la publicit\u00e9 lorsqu&#039;un m\u00e9canisme de navigateur Ne pas suivre (DNT) est en place. Nous ne les honorons pas parce que:<br \/>\nLes syst\u00e8mes tiers, tels que Google Analytics, peuvent ou non honorer les signaux DO Not Track sans notification<\/p>\n<h4>Notre site permet-il le suivi comportemental de tiers?<\/h4>\n<p>Il est \u00e9galement important de noter que nous autorisons le suivi comportemental de tiers<\/p>\n<h4>COPPA (loi sur la protection de la vie priv\u00e9e des enfants en ligne)<\/h4>\n<p>En ce qui concerne la collecte d&#039;informations personnelles d&#039;enfants de moins de 13 ans, la loi sur la protection de la vie priv\u00e9e en ligne des enfants (COPPA) donne le contr\u00f4le aux parents. La Federal Trade Commission, l&#039;agence nationale de protection des consommateurs, applique la r\u00e8gle COPPA, qui d\u00e9finit ce que les op\u00e9rateurs de sites Web et de services en ligne doivent faire pour prot\u00e9ger la vie priv\u00e9e et la s\u00e9curit\u00e9 des enfants en ligne.<br \/>\nNous ne commercialisons pas sp\u00e9cifiquement les enfants de moins de 13 ans.<\/p>\n<h4>Pratiques d&#039;information \u00e9quitables<\/h4>\n<p>Les principes de pratiques \u00e9quitables en mati\u00e8re d&#039;information constituent l&#039;\u00e9pine dorsale de la l\u00e9gislation sur la protection de la vie priv\u00e9e aux \u00c9tats-Unis et les concepts qu&#039;ils incluent ont jou\u00e9 un r\u00f4le important dans l&#039;\u00e9laboration des lois sur la protection des donn\u00e9es dans le monde entier. Comprendre les principes de la pratique \u00e9quitable de l&#039;information et la mani\u00e8re dont ils doivent \u00eatre mis en \u0153uvre est essentiel pour se conformer aux diverses lois sur la confidentialit\u00e9 qui prot\u00e8gent les renseignements personnels.<\/p>\n<h4>Afin d&#039;\u00eatre en conformit\u00e9 avec les pratiques d&#039;information \u00e9quitables, nous prendrons les mesures r\u00e9actives suivantes, en cas de violation de donn\u00e9es:<\/h4>\n<p>Nous informerons les utilisateurs par e-mail<\/p>\n<ul>\n<li>Dans les 7 jours ouvrables<\/li>\n<\/ul>\n<p>Nous acceptons \u00e9galement le principe de recours individuel, qui exige que les individus aient le droit d&#039;exercer des droits juridiquement ex\u00e9cutoires contre les collecteurs de donn\u00e9es et les sous-traitants qui ne respectent pas la loi. Ce principe exige non seulement que les individus aient des droits opposables contre les utilisateurs de donn\u00e9es, mais aussi que les individus aient recours aux tribunaux ou \u00e0 une agence gouvernementale pour enqu\u00eater et \/ ou poursuivre en justice le non-respect par les processeurs de donn\u00e9es.<\/p>\n<h4>CAN SPAM Act<\/h4>\n<p>La loi CAN-SPAM est une loi qui d\u00e9finit les r\u00e8gles relatives aux e-mails commerciaux, \u00e9tablit les exigences relatives aux messages commerciaux, donne aux destinataires le droit de ne plus leur envoyer d&#039;e-mails et \u00e9nonce des sanctions s\u00e9v\u00e8res en cas de violation.<\/p>\n<h4>Nous collectons votre adresse e-mail afin de:<\/h4>\n<ul>\n<li>Envoyez des informations, r\u00e9pondez aux demandes de renseignements et \/ ou \u00e0 d&#039;autres demandes ou questions.<\/li>\n<li>Faire du marketing sur notre liste de diffusion ou continuer \u00e0 envoyer des e-mails \u00e0 nos clients apr\u00e8s la transaction initiale<\/li>\n<\/ul>\n<p><strong>Pour \u00eatre en conformit\u00e9 avec CANSPAM, nous acceptons ce qui suit:<\/strong><\/p>\n<ul>\n<li>NE PAS utiliser de sujets ou d&#039;adresses e-mail faux ou trompeurs<\/li>\n<li>Identifiez le message comme une publicit\u00e9 d&#039;une mani\u00e8re raisonnable<\/li>\n<li>Inclure l&#039;adresse physique de notre entreprise ou du si\u00e8ge social de notre site<\/li>\n<li>Surveiller la conformit\u00e9 des services de marketing par e-mail tiers, le cas \u00e9ch\u00e9ant<\/li>\n<li>Honorer les demandes de d\u00e9sabonnement \/ d\u00e9sabonnement rapidement<\/li>\n<li>Autoriser les utilisateurs \u00e0 se d\u00e9sabonner en utilisant le lien en bas de chaque e-mail<\/li>\n<\/ul>\n<h4>Si \u00e0 tout moment vous souhaitez vous d\u00e9sinscrire de la r\u00e9ception de futurs e-mails, vous pouvez nous envoyer un e-mail \u00e0<\/h4>\n<ul>\n<li>Suivez les instructions au bas de chaque e-mail et nous vous retirerons rapidement de <strong>TOUT<\/strong> correspondance.<\/li>\n<\/ul>\n<h4>Contactez-nous<\/h4>\n<p>Si vous avez des questions concernant cette politique de confidentialit\u00e9, vous pouvez nous contacter en utilisant les informations ci-dessous.<\/p>\n<p>www.cacofde.org<br \/>\n<strong>Comt\u00e9 de New Castle<\/strong><br \/>\n1600 Rockland Road Wilmington, DE 19803<\/p>\n<p><strong>Comt\u00e9 de Kent<\/strong><br \/>\n611 S.DuPont Highway Suite 201 Dover, DE 19901<\/p>\n<p><strong>Comt\u00e9 de Sussex<\/strong><br \/>\n410 S. Bedford Street Georgetown, DE 19947<\/p>\n<p>Derni\u00e8re modification le 2018-11-07<\/p>","protected":false},"excerpt":{"rendered":"<p>This privacy policy has been compiled to better serve those who are concerned with how their \u2018Personally identifiable information\u2019 (PII) is being used online. PII, as used in US privacy law and information security, is information that can be used on its own or with other information to identify, contact, or locate a single person, [&hellip;]<\/p>\n","protected":false},"author":1,"featured_media":0,"parent":0,"menu_order":15,"comment_status":"closed","ping_status":"closed","template":"","meta":{"_acf_changed":false,"inline_featured_image":false,"_monsterinsights_skip_tracking":false,"_monsterinsights_sitenote_active":false,"_monsterinsights_sitenote_note":"","_monsterinsights_sitenote_category":0,"footnotes":""},"class_list":["post-292","page","type-page","status-publish","hentry"],"acf":[],"yoast_head":"<!-- This site is optimized with the Yoast SEO plugin v27.4 - https:\/\/yoast.com\/product\/yoast-seo-wordpress\/ -->\n<title>Children\u2019s Advocacy Center of Delaware - Privacy Policy<\/title>\n<meta name=\"description\" content=\"Our privacy policy has been compiled to better serve those who are concerned with their \u2018Personally identifiable information\u2019 (PII).\" \/>\n<meta name=\"robots\" content=\"index, follow, max-snippet:-1, max-image-preview:large, max-video-preview:-1\" \/>\n<link rel=\"canonical\" href=\"https:\/\/cacofde.org\/fr\/privacy-policy\/\" \/>\n<meta property=\"og:locale\" content=\"fr_FR\" \/>\n<meta property=\"og:type\" content=\"article\" \/>\n<meta property=\"og:title\" content=\"Children\u2019s Advocacy Center of Delaware - Privacy Policy\" \/>\n<meta property=\"og:description\" content=\"Our privacy policy has been compiled to better serve those who are concerned with their \u2018Personally identifiable information\u2019 (PII).\" \/>\n<meta property=\"og:url\" content=\"https:\/\/cacofde.org\/fr\/privacy-policy\/\" \/>\n<meta property=\"og:site_name\" content=\"Childrens Advocacy Center of Delaware\" \/>\n<meta property=\"article:modified_time\" content=\"2020-11-03T15:37:32+00:00\" \/>\n<meta property=\"og:image\" content=\"https:\/\/cacofde.org\/wp-content\/uploads\/2020\/11\/3.jpg\" \/>\n\t<meta property=\"og:image:width\" content=\"1200\" \/>\n\t<meta property=\"og:image:height\" content=\"630\" \/>\n\t<meta property=\"og:image:type\" content=\"image\/jpeg\" \/>\n<meta name=\"twitter:card\" content=\"summary_large_image\" \/>\n<meta name=\"twitter:label1\" content=\"Dur\u00e9e de lecture estim\u00e9e\" \/>\n\t<meta name=\"twitter:data1\" content=\"8 minutes\" \/>\n<script type=\"application\/ld+json\" class=\"yoast-schema-graph\">{\"@context\":\"https:\\\/\\\/schema.org\",\"@graph\":[{\"@type\":\"WebPage\",\"@id\":\"https:\\\/\\\/cacofde.org\\\/es\\\/privacy-policy\\\/\",\"url\":\"https:\\\/\\\/cacofde.org\\\/es\\\/privacy-policy\\\/\",\"name\":\"Children\u2019s Advocacy Center of Delaware - Privacy Policy\",\"isPartOf\":{\"@id\":\"https:\\\/\\\/cacofde.org\\\/#website\"},\"datePublished\":\"2018-11-07T09:30:48+00:00\",\"dateModified\":\"2020-11-03T15:37:32+00:00\",\"description\":\"Our privacy policy has been compiled to better serve those who are concerned with their \u2018Personally identifiable information\u2019 (PII).\",\"breadcrumb\":{\"@id\":\"https:\\\/\\\/cacofde.org\\\/es\\\/privacy-policy\\\/#breadcrumb\"},\"inLanguage\":\"fr-FR\",\"potentialAction\":[{\"@type\":\"ReadAction\",\"target\":[\"https:\\\/\\\/cacofde.org\\\/es\\\/privacy-policy\\\/\"]}]},{\"@type\":\"BreadcrumbList\",\"@id\":\"https:\\\/\\\/cacofde.org\\\/es\\\/privacy-policy\\\/#breadcrumb\",\"itemListElement\":[{\"@type\":\"ListItem\",\"position\":1,\"name\":\"Home\",\"item\":\"https:\\\/\\\/cacofde.org\\\/\"},{\"@type\":\"ListItem\",\"position\":2,\"name\":\"Privacy Policy\"}]},{\"@type\":\"WebSite\",\"@id\":\"https:\\\/\\\/cacofde.org\\\/#website\",\"url\":\"https:\\\/\\\/cacofde.org\\\/\",\"name\":\"Childrens Advocacy Center of Delaware\",\"description\":\"A safe place where healing begins\",\"potentialAction\":[{\"@type\":\"SearchAction\",\"target\":{\"@type\":\"EntryPoint\",\"urlTemplate\":\"https:\\\/\\\/cacofde.org\\\/?s={search_term_string}\"},\"query-input\":{\"@type\":\"PropertyValueSpecification\",\"valueRequired\":true,\"valueName\":\"search_term_string\"}}],\"inLanguage\":\"fr-FR\"}]}<\/script>\n<!-- \/ Yoast SEO plugin. -->","yoast_head_json":{"title":"Children&#039;s Advocacy Center of Delaware - Politique de confidentialit\u00e9","description":"Notre politique de confidentialit\u00e9 a \u00e9t\u00e9 \u00e9labor\u00e9e pour mieux servir ceux qui sont concern\u00e9s par leurs \u00abinformations personnelles identifiables\u00bb (PII).","robots":{"index":"index","follow":"follow","max-snippet":"max-snippet:-1","max-image-preview":"max-image-preview:large","max-video-preview":"max-video-preview:-1"},"canonical":"https:\/\/cacofde.org\/fr\/privacy-policy\/","og_locale":"fr_FR","og_type":"article","og_title":"Children\u2019s Advocacy Center of Delaware - Privacy Policy","og_description":"Our privacy policy has been compiled to better serve those who are concerned with their \u2018Personally identifiable information\u2019 (PII).","og_url":"https:\/\/cacofde.org\/fr\/privacy-policy\/","og_site_name":"Childrens Advocacy Center of Delaware","article_modified_time":"2020-11-03T15:37:32+00:00","og_image":[{"width":1200,"height":630,"url":"https:\/\/cacofde.org\/wp-content\/uploads\/2020\/11\/3.jpg","type":"image\/jpeg"}],"twitter_card":"summary_large_image","twitter_misc":{"Dur\u00e9e de lecture estim\u00e9e":"8 minutes"},"schema":{"@context":"https:\/\/schema.org","@graph":[{"@type":"WebPage","@id":"https:\/\/cacofde.org\/es\/privacy-policy\/","url":"https:\/\/cacofde.org\/es\/privacy-policy\/","name":"Children&#039;s Advocacy Center of Delaware - Politique de confidentialit\u00e9","isPartOf":{"@id":"https:\/\/cacofde.org\/#website"},"datePublished":"2018-11-07T09:30:48+00:00","dateModified":"2020-11-03T15:37:32+00:00","description":"Notre politique de confidentialit\u00e9 a \u00e9t\u00e9 \u00e9labor\u00e9e pour mieux servir ceux qui sont concern\u00e9s par leurs \u00abinformations personnelles identifiables\u00bb (PII).","breadcrumb":{"@id":"https:\/\/cacofde.org\/es\/privacy-policy\/#breadcrumb"},"inLanguage":"fr-FR","potentialAction":[{"@type":"ReadAction","target":["https:\/\/cacofde.org\/es\/privacy-policy\/"]}]},{"@type":"BreadcrumbList","@id":"https:\/\/cacofde.org\/es\/privacy-policy\/#breadcrumb","itemListElement":[{"@type":"ListItem","position":1,"name":"Home","item":"https:\/\/cacofde.org\/"},{"@type":"ListItem","position":2,"name":"Privacy Policy"}]},{"@type":"WebSite","@id":"https:\/\/cacofde.org\/#website","url":"https:\/\/cacofde.org\/","name":"Centre de d\u00e9fense des enfants du Delaware","description":"Un endroit s\u00fbr o\u00f9 la gu\u00e9rison commence","potentialAction":[{"@type":"SearchAction","target":{"@type":"EntryPoint","urlTemplate":"https:\/\/cacofde.org\/?s={search_term_string}"},"query-input":{"@type":"PropertyValueSpecification","valueRequired":true,"valueName":"search_term_string"}}],"inLanguage":"fr-FR"}]}},"_links":{"self":[{"href":"https:\/\/cacofde.org\/fr\/wp-json\/wp\/v2\/pages\/292","targetHints":{"allow":["GET"]}}],"collection":[{"href":"https:\/\/cacofde.org\/fr\/wp-json\/wp\/v2\/pages"}],"about":[{"href":"https:\/\/cacofde.org\/fr\/wp-json\/wp\/v2\/types\/page"}],"author":[{"embeddable":true,"href":"https:\/\/cacofde.org\/fr\/wp-json\/wp\/v2\/users\/1"}],"replies":[{"embeddable":true,"href":"https:\/\/cacofde.org\/fr\/wp-json\/wp\/v2\/comments?post=292"}],"version-history":[{"count":10,"href":"https:\/\/cacofde.org\/fr\/wp-json\/wp\/v2\/pages\/292\/revisions"}],"predecessor-version":[{"id":1403,"href":"https:\/\/cacofde.org\/fr\/wp-json\/wp\/v2\/pages\/292\/revisions\/1403"}],"wp:attachment":[{"href":"https:\/\/cacofde.org\/fr\/wp-json\/wp\/v2\/media?parent=292"}],"curies":[{"name":"wp","href":"https:\/\/api.w.org\/{rel}","templated":true}]}}