{"id":108,"date":"2018-10-15T04:19:34","date_gmt":"2018-10-15T04:19:34","guid":{"rendered":"http:\/\/firstascentstaging.com\/cac\/?page_id=108"},"modified":"2020-11-03T10:39:41","modified_gmt":"2020-11-03T15:39:41","slug":"sitemap","status":"publish","type":"page","link":"https:\/\/cacofde.org\/fr\/sitemap\/","title":{"rendered":"Plan du site"},"content":{"rendered":"","protected":false},"excerpt":{"rendered":"","protected":false},"author":1,"featured_media":0,"parent":0,"menu_order":17,"comment_status":"closed","ping_status":"closed","template":"","meta":{"_acf_changed":false,"inline_featured_image":false,"_monsterinsights_skip_tracking":false,"_monsterinsights_sitenote_active":false,"_monsterinsights_sitenote_note":"","_monsterinsights_sitenote_category":0,"footnotes":""},"class_list":["post-108","page","type-page","status-publish","hentry"],"acf":[],"yoast_head":"<!-- This site is optimized with the Yoast SEO plugin v27.3 - https:\/\/yoast.com\/product\/yoast-seo-wordpress\/ -->\n<title>Children\u2019s Advocacy Center of Delaware - Site Map<\/title>\n<meta name=\"description\" content=\"Front Page, About the Children\u2019s Advocacy Center, About Child Abuse, Caregiver Resources, Board of Directors, Donation, Contact Us, Careers\" \/>\n<meta name=\"robots\" content=\"index, follow, max-snippet:-1, max-image-preview:large, max-video-preview:-1\" \/>\n<link rel=\"canonical\" href=\"https:\/\/cacofde.org\/fr\/sitemap\/\" \/>\n<meta property=\"og:locale\" content=\"fr_FR\" \/>\n<meta property=\"og:type\" content=\"article\" \/>\n<meta property=\"og:title\" content=\"Children\u2019s Advocacy Center of Delaware - Site Map\" \/>\n<meta property=\"og:description\" content=\"Front Page, About the Children\u2019s Advocacy Center, About Child Abuse, Caregiver Resources, Board of Directors, Donation, Contact Us, Careers\" \/>\n<meta property=\"og:url\" content=\"https:\/\/cacofde.org\/fr\/sitemap\/\" \/>\n<meta property=\"og:site_name\" content=\"Childrens Advocacy Center of Delaware\" \/>\n<meta property=\"article:modified_time\" content=\"2020-11-03T15:39:41+00:00\" \/>\n<meta property=\"og:image\" content=\"https:\/\/cacofde.org\/wp-content\/uploads\/2020\/11\/3.jpg\" \/>\n\t<meta property=\"og:image:width\" content=\"1200\" \/>\n\t<meta property=\"og:image:height\" content=\"630\" \/>\n\t<meta property=\"og:image:type\" content=\"image\/jpeg\" \/>\n<meta name=\"twitter:card\" content=\"summary_large_image\" \/>\n<script type=\"application\/ld+json\" class=\"yoast-schema-graph\">{\"@context\":\"https:\\\/\\\/schema.org\",\"@graph\":[{\"@type\":\"WebPage\",\"@id\":\"https:\\\/\\\/cacofde.org\\\/sitemap\\\/\",\"url\":\"https:\\\/\\\/cacofde.org\\\/sitemap\\\/\",\"name\":\"Children\u2019s Advocacy Center of Delaware - Site Map\",\"isPartOf\":{\"@id\":\"https:\\\/\\\/cacofde.org\\\/#website\"},\"datePublished\":\"2018-10-15T04:19:34+00:00\",\"dateModified\":\"2020-11-03T15:39:41+00:00\",\"description\":\"Front Page, About the Children\u2019s Advocacy Center, About Child Abuse, Caregiver Resources, Board of Directors, Donation, Contact Us, Careers\",\"breadcrumb\":{\"@id\":\"https:\\\/\\\/cacofde.org\\\/sitemap\\\/#breadcrumb\"},\"inLanguage\":\"fr-FR\",\"potentialAction\":[{\"@type\":\"ReadAction\",\"target\":[\"https:\\\/\\\/cacofde.org\\\/sitemap\\\/\"]}]},{\"@type\":\"BreadcrumbList\",\"@id\":\"https:\\\/\\\/cacofde.org\\\/sitemap\\\/#breadcrumb\",\"itemListElement\":[{\"@type\":\"ListItem\",\"position\":1,\"name\":\"Home\",\"item\":\"https:\\\/\\\/cacofde.org\\\/\"},{\"@type\":\"ListItem\",\"position\":2,\"name\":\"Site Map\"}]},{\"@type\":\"WebSite\",\"@id\":\"https:\\\/\\\/cacofde.org\\\/#website\",\"url\":\"https:\\\/\\\/cacofde.org\\\/\",\"name\":\"Childrens Advocacy Center of Delaware\",\"description\":\"A safe place where healing begins\",\"potentialAction\":[{\"@type\":\"SearchAction\",\"target\":{\"@type\":\"EntryPoint\",\"urlTemplate\":\"https:\\\/\\\/cacofde.org\\\/?s={search_term_string}\"},\"query-input\":{\"@type\":\"PropertyValueSpecification\",\"valueRequired\":true,\"valueName\":\"search_term_string\"}}],\"inLanguage\":\"fr-FR\"}]}<\/script>\n<!-- \/ Yoast SEO plugin. -->","yoast_head_json":{"title":"Children&#039;s Advocacy Center of Delaware - Plan du site","description":"Premi\u00e8re page, \u00c0 propos du Children&#039;s Advocacy Centre, \u00c0 propos de la maltraitance des enfants, Ressources pour les aidants naturels, Conseil d&#039;administration, Don, Contactez-nous, Carri\u00e8res","robots":{"index":"index","follow":"follow","max-snippet":"max-snippet:-1","max-image-preview":"max-image-preview:large","max-video-preview":"max-video-preview:-1"},"canonical":"https:\/\/cacofde.org\/fr\/sitemap\/","og_locale":"fr_FR","og_type":"article","og_title":"Children\u2019s Advocacy Center of Delaware - Site Map","og_description":"Front Page, About the Children\u2019s Advocacy Center, About Child Abuse, Caregiver Resources, Board of Directors, Donation, Contact Us, Careers","og_url":"https:\/\/cacofde.org\/fr\/sitemap\/","og_site_name":"Childrens Advocacy Center of Delaware","article_modified_time":"2020-11-03T15:39:41+00:00","og_image":[{"width":1200,"height":630,"url":"https:\/\/cacofde.org\/wp-content\/uploads\/2020\/11\/3.jpg","type":"image\/jpeg"}],"twitter_card":"summary_large_image","schema":{"@context":"https:\/\/schema.org","@graph":[{"@type":"WebPage","@id":"https:\/\/cacofde.org\/sitemap\/","url":"https:\/\/cacofde.org\/sitemap\/","name":"Children&#039;s Advocacy Center of Delaware - Plan du site","isPartOf":{"@id":"https:\/\/cacofde.org\/#website"},"datePublished":"2018-10-15T04:19:34+00:00","dateModified":"2020-11-03T15:39:41+00:00","description":"Premi\u00e8re page, \u00c0 propos du Children&#039;s Advocacy Centre, \u00c0 propos de la maltraitance des enfants, Ressources pour les aidants naturels, Conseil d&#039;administration, Don, Contactez-nous, Carri\u00e8res","breadcrumb":{"@id":"https:\/\/cacofde.org\/sitemap\/#breadcrumb"},"inLanguage":"fr-FR","potentialAction":[{"@type":"ReadAction","target":["https:\/\/cacofde.org\/sitemap\/"]}]},{"@type":"BreadcrumbList","@id":"https:\/\/cacofde.org\/sitemap\/#breadcrumb","itemListElement":[{"@type":"ListItem","position":1,"name":"Home","item":"https:\/\/cacofde.org\/"},{"@type":"ListItem","position":2,"name":"Site Map"}]},{"@type":"WebSite","@id":"https:\/\/cacofde.org\/#website","url":"https:\/\/cacofde.org\/","name":"Centre de d\u00e9fense des enfants du Delaware","description":"Un endroit s\u00fbr o\u00f9 la gu\u00e9rison commence","potentialAction":[{"@type":"SearchAction","target":{"@type":"EntryPoint","urlTemplate":"https:\/\/cacofde.org\/?s={search_term_string}"},"query-input":{"@type":"PropertyValueSpecification","valueRequired":true,"valueName":"search_term_string"}}],"inLanguage":"fr-FR"}]}},"_links":{"self":[{"href":"https:\/\/cacofde.org\/fr\/wp-json\/wp\/v2\/pages\/108","targetHints":{"allow":["GET"]}}],"collection":[{"href":"https:\/\/cacofde.org\/fr\/wp-json\/wp\/v2\/pages"}],"about":[{"href":"https:\/\/cacofde.org\/fr\/wp-json\/wp\/v2\/types\/page"}],"author":[{"embeddable":true,"href":"https:\/\/cacofde.org\/fr\/wp-json\/wp\/v2\/users\/1"}],"replies":[{"embeddable":true,"href":"https:\/\/cacofde.org\/fr\/wp-json\/wp\/v2\/comments?post=108"}],"version-history":[{"count":9,"href":"https:\/\/cacofde.org\/fr\/wp-json\/wp\/v2\/pages\/108\/revisions"}],"predecessor-version":[{"id":463,"href":"https:\/\/cacofde.org\/fr\/wp-json\/wp\/v2\/pages\/108\/revisions\/463"}],"wp:attachment":[{"href":"https:\/\/cacofde.org\/fr\/wp-json\/wp\/v2\/media?parent=108"}],"curies":[{"name":"wp","href":"https:\/\/api.w.org\/{rel}","templated":true}]}}