{"id":4,"date":"2018-09-28T06:43:29","date_gmt":"2018-09-28T06:43:29","guid":{"rendered":"http:\/\/fad.local\/cac\/about-page\/"},"modified":"2020-12-10T15:12:11","modified_gmt":"2020-12-10T20:12:11","slug":"about-us","status":"publish","type":"page","link":"https:\/\/cacofde.org\/es_gt\/about-us\/","title":{"rendered":"Sobre el Centro de Defensa de los Ni\u00f1os"},"content":{"rendered":"<p>Somos un programa integral centrado en los ni\u00f1os basado en un centro seguro y amigable para los ni\u00f1os que facilita la aplicaci\u00f3n de la ley, la protecci\u00f3n infantil, el enjuiciamiento, la salud conductual, los servicios sociales y las comunidades m\u00e9dicas que trabajan juntas al intervenir en casos de abuso infantil. El objetivo principal de todos los centros de defensa de la infancia es asegurarse de que los sistemas dise\u00f1ados para protegerlos no sigan traumatizando o victimizando a los ni\u00f1os. Logramos esto trabajando juntos como un equipo multidisciplinario y entrevistando a los ni\u00f1os con entrevistadores forenses especialmente capacitados y experimentados de una manera que sea legalmente s\u00f3lida, siga las \u201cmejores pr\u00e1cticas\u201d aceptadas a nivel nacional y minimice las entrevistas duplicadas e innecesarias.<\/p>","protected":false},"excerpt":{"rendered":"<p>We&#8217;re a comprehensive, child-focused program based in a safe and child-friendly center that facilitates law enforcement, child protection, prosecution, behavioral health, social services, and medical communities working together when intervening in child abuse cases. The main goal of all Children\u2019s Advocacy Centers is to make sure that children are not further traumatized or victimized by [&hellip;]<\/p>\n","protected":false},"author":1,"featured_media":236,"parent":0,"menu_order":2,"comment_status":"closed","ping_status":"closed","template":"","meta":{"_acf_changed":false,"inline_featured_image":false,"_monsterinsights_skip_tracking":false,"_monsterinsights_sitenote_active":false,"_monsterinsights_sitenote_note":"","_monsterinsights_sitenote_category":0,"footnotes":""},"class_list":["post-4","page","type-page","status-publish","has-post-thumbnail","hentry"],"acf":[],"yoast_head":"<!-- This site is optimized with the Yoast SEO plugin v27.4 - https:\/\/yoast.com\/product\/yoast-seo-wordpress\/ -->\n<title>Children\u2019s Advocacy Center of Delaware - Child Abuse Support Program<\/title>\n<meta name=\"description\" content=\"The Children&#039;s Advocacy Center of Delaware provide a comprehensive response to allegations of child abuse in a safe, child focused setting.\" \/>\n<meta name=\"robots\" content=\"index, follow, max-snippet:-1, max-image-preview:large, max-video-preview:-1\" \/>\n<link rel=\"canonical\" href=\"https:\/\/cacofde.org\/es_gt\/about-us\/\" \/>\n<meta property=\"og:locale\" content=\"es_ES\" \/>\n<meta property=\"og:type\" content=\"article\" \/>\n<meta property=\"og:title\" content=\"Children\u2019s Advocacy Center of Delaware - Child Abuse Support Program\" \/>\n<meta property=\"og:description\" content=\"The Children&#039;s Advocacy Center of Delaware provide a comprehensive response to allegations of child abuse in a safe, child focused setting.\" \/>\n<meta property=\"og:url\" content=\"https:\/\/cacofde.org\/es_gt\/about-us\/\" \/>\n<meta property=\"og:site_name\" content=\"Childrens Advocacy Center of Delaware\" \/>\n<meta property=\"article:modified_time\" content=\"2020-12-10T20:12:11+00:00\" \/>\n<meta property=\"og:image\" content=\"https:\/\/cacofde.org\/wp-content\/uploads\/2018\/11\/featured-image-aboutus.jpg\" \/>\n\t<meta property=\"og:image:width\" content=\"670\" \/>\n\t<meta property=\"og:image:height\" content=\"473\" \/>\n\t<meta property=\"og:image:type\" content=\"image\/jpeg\" \/>\n<meta name=\"twitter:card\" content=\"summary_large_image\" \/>\n<meta name=\"twitter:label1\" content=\"Est. reading time\" \/>\n\t<meta name=\"twitter:data1\" content=\"1 minuto\" \/>\n<script type=\"application\/ld+json\" class=\"yoast-schema-graph\">{\"@context\":\"https:\\\/\\\/schema.org\",\"@graph\":[{\"@type\":\"WebPage\",\"@id\":\"https:\\\/\\\/cacofde.org\\\/about-us\\\/\",\"url\":\"https:\\\/\\\/cacofde.org\\\/about-us\\\/\",\"name\":\"Children\u2019s Advocacy Center of Delaware - Child Abuse Support Program\",\"isPartOf\":{\"@id\":\"https:\\\/\\\/cacofde.org\\\/#website\"},\"primaryImageOfPage\":{\"@id\":\"https:\\\/\\\/cacofde.org\\\/about-us\\\/#primaryimage\"},\"image\":{\"@id\":\"https:\\\/\\\/cacofde.org\\\/about-us\\\/#primaryimage\"},\"thumbnailUrl\":\"https:\\\/\\\/cacofde.org\\\/wp-content\\\/uploads\\\/2018\\\/11\\\/featured-image-aboutus.jpg\",\"datePublished\":\"2018-09-28T06:43:29+00:00\",\"dateModified\":\"2020-12-10T20:12:11+00:00\",\"description\":\"The Children's Advocacy Center of Delaware provide a comprehensive response to allegations of child abuse in a safe, child focused setting.\",\"breadcrumb\":{\"@id\":\"https:\\\/\\\/cacofde.org\\\/about-us\\\/#breadcrumb\"},\"inLanguage\":\"es\",\"potentialAction\":[{\"@type\":\"ReadAction\",\"target\":[\"https:\\\/\\\/cacofde.org\\\/about-us\\\/\"]}]},{\"@type\":\"ImageObject\",\"inLanguage\":\"es\",\"@id\":\"https:\\\/\\\/cacofde.org\\\/about-us\\\/#primaryimage\",\"url\":\"https:\\\/\\\/cacofde.org\\\/wp-content\\\/uploads\\\/2018\\\/11\\\/featured-image-aboutus.jpg\",\"contentUrl\":\"https:\\\/\\\/cacofde.org\\\/wp-content\\\/uploads\\\/2018\\\/11\\\/featured-image-aboutus.jpg\",\"width\":670,\"height\":473},{\"@type\":\"BreadcrumbList\",\"@id\":\"https:\\\/\\\/cacofde.org\\\/about-us\\\/#breadcrumb\",\"itemListElement\":[{\"@type\":\"ListItem\",\"position\":1,\"name\":\"Home\",\"item\":\"https:\\\/\\\/cacofde.org\\\/\"},{\"@type\":\"ListItem\",\"position\":2,\"name\":\"About the Children\u2019s Advocacy Center\"}]},{\"@type\":\"WebSite\",\"@id\":\"https:\\\/\\\/cacofde.org\\\/#website\",\"url\":\"https:\\\/\\\/cacofde.org\\\/\",\"name\":\"Childrens Advocacy Center of Delaware\",\"description\":\"A safe place where healing begins\",\"potentialAction\":[{\"@type\":\"SearchAction\",\"target\":{\"@type\":\"EntryPoint\",\"urlTemplate\":\"https:\\\/\\\/cacofde.org\\\/?s={search_term_string}\"},\"query-input\":{\"@type\":\"PropertyValueSpecification\",\"valueRequired\":true,\"valueName\":\"search_term_string\"}}],\"inLanguage\":\"es\"}]}<\/script>\n<!-- \/ Yoast SEO plugin. -->","yoast_head_json":{"title":"Children&#039;s Advocacy Center of Delaware - Programa de apoyo al abuso infantil","description":"El Children&#039;s Advocacy Center of Delaware brinda una respuesta integral a las acusaciones de abuso infantil en un entorno seguro y centrado en el ni\u00f1o.","robots":{"index":"index","follow":"follow","max-snippet":"max-snippet:-1","max-image-preview":"max-image-preview:large","max-video-preview":"max-video-preview:-1"},"canonical":"https:\/\/cacofde.org\/es_gt\/about-us\/","og_locale":"es_ES","og_type":"article","og_title":"Children\u2019s Advocacy Center of Delaware - Child Abuse Support Program","og_description":"The Children's Advocacy Center of Delaware provide a comprehensive response to allegations of child abuse in a safe, child focused setting.","og_url":"https:\/\/cacofde.org\/es_gt\/about-us\/","og_site_name":"Childrens Advocacy Center of Delaware","article_modified_time":"2020-12-10T20:12:11+00:00","og_image":[{"width":670,"height":473,"url":"https:\/\/cacofde.org\/wp-content\/uploads\/2018\/11\/featured-image-aboutus.jpg","type":"image\/jpeg"}],"twitter_card":"summary_large_image","twitter_misc":{"Est. reading time":"1 minuto"},"schema":{"@context":"https:\/\/schema.org","@graph":[{"@type":"WebPage","@id":"https:\/\/cacofde.org\/about-us\/","url":"https:\/\/cacofde.org\/about-us\/","name":"Children&#039;s Advocacy Center of Delaware - Programa de apoyo al abuso infantil","isPartOf":{"@id":"https:\/\/cacofde.org\/#website"},"primaryImageOfPage":{"@id":"https:\/\/cacofde.org\/about-us\/#primaryimage"},"image":{"@id":"https:\/\/cacofde.org\/about-us\/#primaryimage"},"thumbnailUrl":"https:\/\/cacofde.org\/wp-content\/uploads\/2018\/11\/featured-image-aboutus.jpg","datePublished":"2018-09-28T06:43:29+00:00","dateModified":"2020-12-10T20:12:11+00:00","description":"El Children&#039;s Advocacy Center of Delaware brinda una respuesta integral a las acusaciones de abuso infantil en un entorno seguro y centrado en el ni\u00f1o.","breadcrumb":{"@id":"https:\/\/cacofde.org\/about-us\/#breadcrumb"},"inLanguage":"es","potentialAction":[{"@type":"ReadAction","target":["https:\/\/cacofde.org\/about-us\/"]}]},{"@type":"ImageObject","inLanguage":"es","@id":"https:\/\/cacofde.org\/about-us\/#primaryimage","url":"https:\/\/cacofde.org\/wp-content\/uploads\/2018\/11\/featured-image-aboutus.jpg","contentUrl":"https:\/\/cacofde.org\/wp-content\/uploads\/2018\/11\/featured-image-aboutus.jpg","width":670,"height":473},{"@type":"BreadcrumbList","@id":"https:\/\/cacofde.org\/about-us\/#breadcrumb","itemListElement":[{"@type":"ListItem","position":1,"name":"Home","item":"https:\/\/cacofde.org\/"},{"@type":"ListItem","position":2,"name":"About the Children\u2019s Advocacy Center"}]},{"@type":"WebSite","@id":"https:\/\/cacofde.org\/#website","url":"https:\/\/cacofde.org\/","name":"Centro de Defensa de los Ni\u00f1os de Delaware","description":"Un lugar seguro donde comienza la curaci\u00f3n","potentialAction":[{"@type":"SearchAction","target":{"@type":"EntryPoint","urlTemplate":"https:\/\/cacofde.org\/?s={search_term_string}"},"query-input":{"@type":"PropertyValueSpecification","valueRequired":true,"valueName":"search_term_string"}}],"inLanguage":"es"}]}},"_links":{"self":[{"href":"https:\/\/cacofde.org\/es_gt\/wp-json\/wp\/v2\/pages\/4","targetHints":{"allow":["GET"]}}],"collection":[{"href":"https:\/\/cacofde.org\/es_gt\/wp-json\/wp\/v2\/pages"}],"about":[{"href":"https:\/\/cacofde.org\/es_gt\/wp-json\/wp\/v2\/types\/page"}],"author":[{"embeddable":true,"href":"https:\/\/cacofde.org\/es_gt\/wp-json\/wp\/v2\/users\/1"}],"replies":[{"embeddable":true,"href":"https:\/\/cacofde.org\/es_gt\/wp-json\/wp\/v2\/comments?post=4"}],"version-history":[{"count":10,"href":"https:\/\/cacofde.org\/es_gt\/wp-json\/wp\/v2\/pages\/4\/revisions"}],"predecessor-version":[{"id":1475,"href":"https:\/\/cacofde.org\/es_gt\/wp-json\/wp\/v2\/pages\/4\/revisions\/1475"}],"wp:featuredmedia":[{"embeddable":true,"href":"https:\/\/cacofde.org\/es_gt\/wp-json\/wp\/v2\/media\/236"}],"wp:attachment":[{"href":"https:\/\/cacofde.org\/es_gt\/wp-json\/wp\/v2\/media?parent=4"}],"curies":[{"name":"wp","href":"https:\/\/api.w.org\/{rel}","templated":true}]}}