{"id":292,"date":"2018-11-07T09:30:48","date_gmt":"2018-11-07T09:30:48","guid":{"rendered":"http:\/\/firstascentstaging.com\/cac\/?page_id=292"},"modified":"2020-11-03T10:37:32","modified_gmt":"2020-11-03T15:37:32","slug":"privacy-policy","status":"publish","type":"page","link":"https:\/\/cacofde.org\/es_gt\/privacy-policy\/","title":{"rendered":"Pol\u00edtica de privacidad"},"content":{"rendered":"<p>Esta pol\u00edtica de privacidad ha sido compilada para brindar un mejor servicio a aquellos que est\u00e1n preocupados por c\u00f3mo se usa en l\u00ednea su &#039;Informaci\u00f3n de identificaci\u00f3n personal&#039; (PII). La PII, como se usa en la ley de privacidad y seguridad de la informaci\u00f3n de EE. UU., Es informaci\u00f3n que se puede usar sola o con otra informaci\u00f3n para identificar, contactar o ubicar a una sola persona, o para identificar a una persona en contexto. Lea atentamente nuestra pol\u00edtica de privacidad para comprender claramente c\u00f3mo recopilamos, usamos, protegemos o manejamos su informaci\u00f3n de identificaci\u00f3n personal de acuerdo con nuestro sitio web.<\/p>\n<h4>\u00bfQu\u00e9 informaci\u00f3n personal recopilamos de las personas que visitan nuestro blog, sitio web o aplicaci\u00f3n?<\/h4>\n<p>Al realizar un pedido o registrarse en nuestro sitio, seg\u00fan corresponda, se le puede solicitar que ingrese su nombre, direcci\u00f3n de correo electr\u00f3nico, direcci\u00f3n postal, n\u00famero de tel\u00e9fono u otros detalles para ayudarlo con su experiencia.<\/p>\n<h4>\u00bfCu\u00e1ndo recopilamos informaci\u00f3n?<\/h4>\n<p>Recopilamos informaci\u00f3n sobre usted cuando se registra en nuestro sitio, realiza un pedido, se suscribe a un bolet\u00edn informativo, responde a una encuesta, completa un formulario o ingresa informaci\u00f3n en nuestro sitio.<\/p>\n<h4>\u00bfC\u00f3mo usamos su informaci\u00f3n?<\/h4>\n<p>Podemos utilizar la informaci\u00f3n que recopilamos de usted cuando se registra, realiza una compra, se suscribe a nuestro bolet\u00edn informativo, responde a una encuesta o comunicaci\u00f3n de marketing, navega por el sitio web o utiliza otras caracter\u00edsticas del sitio de las siguientes maneras:<\/p>\n<ul>\n<li>Para personalizar la experiencia del usuario y permitirnos ofrecer el tipo de contenido y ofertas de productos que m\u00e1s le interesan.<\/li>\n<li>Mejorar nuestro sitio web para brindarle un mejor servicio.<\/li>\n<li>Para administrar un concurso, promoci\u00f3n, encuesta u otra caracter\u00edstica del sitio.<\/li>\n<li>Para enviar correos electr\u00f3nicos peri\u00f3dicos sobre su pedido u otros productos y servicios.<\/li>\n<\/ul>\n<h4>\u00bfC\u00f3mo protegemos la informaci\u00f3n del visitante?<\/h4>\n<p>No utilizamos el escaneo de vulnerabilidades y \/ o el escaneo seg\u00fan los est\u00e1ndares PCI.<br \/>\nUsamos escaneo de malware regular.<br \/>\nNo utilizamos un certificado SSL<\/p>\n<ul>\n<li>No necesitamos un SSL porque:<\/li>\n<\/ul>\n<p>No procesamos transacciones monetarias en el sitio web<\/p>\n<h4>\u00bfUsamos &#039;cookies&#039;?<\/h4>\n<p>Si. Las cookies son peque\u00f1os archivos que un sitio o su proveedor de servicios transfieren al disco duro de su computadora a trav\u00e9s de su navegador web (si usted lo permite) que permite que los sistemas del sitio o del proveedor de servicios reconozcan su navegador y capturen y recuerden cierta informaci\u00f3n. Por ejemplo, utilizamos cookies para ayudarnos a recordar y procesar los art\u00edculos en su carrito de compras. Tambi\u00e9n se utilizan para ayudarnos a comprender sus preferencias en funci\u00f3n de la actividad anterior o actual del sitio, lo que nos permite brindarle servicios mejorados. Tambi\u00e9n utilizamos cookies para ayudarnos a recopilar datos agregados sobre el tr\u00e1fico del sitio y la interacci\u00f3n del sitio para que podamos ofrecer mejores experiencias y herramientas del sitio en el futuro.<\/p>\n<h4>Usamos cookies para:<\/h4>\n<ul>\n<li>Comprenda y guarde las preferencias del usuario para futuras visitas.<\/li>\n<li>Mantenga un registro de los anuncios.<\/li>\n<li>Recopile datos agregados sobre el tr\u00e1fico del sitio y las interacciones del sitio para ofrecer mejores experiencias y herramientas del sitio en el futuro. Tambi\u00e9n podemos utilizar servicios de terceros de confianza que rastrean esta informaci\u00f3n en nuestro nombre.<br \/>\nPuede elegir que su computadora le advierta cada vez que se env\u00eda una cookie, o puede optar por desactivar todas las cookies. Puede hacerlo a trav\u00e9s de la configuraci\u00f3n de su navegador (como Internet Explorer). Cada navegador es un poco diferente, as\u00ed que consulte el men\u00fa de Ayuda de su navegador para conocer la forma correcta de modificar sus cookies.<\/li>\n<\/ul>\n<p>Si desactiva las cookies, algunas funciones se desactivar\u00e1n. No afectar\u00e1 la experiencia de los usuarios, lo que har\u00e1 que la experiencia de su sitio sea m\u00e1s eficiente y algunos de nuestros servicios no funcionar\u00e1n correctamente.<br \/>\nSin embargo, a\u00fan puede realizar pedidos.<\/p>\n<h4>Divulgaci\u00f3n de terceros<\/h4>\n<p>No vendemos, intercambiamos ni transferimos a terceros su informaci\u00f3n de identificaci\u00f3n personal a menos que le proporcionemos un aviso previo. Esto no incluye a los socios de alojamiento de sitios web y otras partes que nos ayudan a operar nuestro sitio web, llevar a cabo nuestro negocio o brindarle servicios, siempre que esas partes acuerden mantener esta informaci\u00f3n confidencial. Tambi\u00e9n podemos divulgar su informaci\u00f3n cuando creemos que la divulgaci\u00f3n es apropiada para cumplir con la ley, hacer cumplir las pol\u00edticas de nuestro sitio o proteger nuestros derechos, propiedad o seguridad o los de otros. Sin embargo, la informaci\u00f3n del visitante no identificable personalmente se puede proporcionar a otras partes para fines de marketing, publicidad u otros usos.<\/p>\n<h4>Enlaces de terceros<\/h4>\n<p>No incluimos ni ofrecemos productos o servicios de terceros en nuestro sitio web.<\/p>\n<h4>Google<\/h4>\n<p>Los requisitos publicitarios de Google se pueden resumir en los Principios publicitarios de Google. Se implementan para brindar una experiencia positiva a los usuarios. https:\/\/support.google.com\/adwordspolicy\/answer\/1316548?hl=es<br \/>\nUsamos publicidad de Google AdSense en nuestro sitio web.<br \/>\nGoogle, como proveedor externo, utiliza cookies para publicar anuncios en nuestro sitio. El uso de Google de la cookie DART le permite mostrar anuncios a nuestros usuarios en funci\u00f3n de su visita a nuestro sitio y otros sitios en Internet. Los usuarios pueden optar por no utilizar la cookie de DART visitando la pol\u00edtica de privacidad de la red de contenido y anuncios de Google.<\/p>\n<h4>Hemos implementado lo siguiente:<\/h4>\n<ul>\n<li>Informe de impresiones de la Red de Display de Google<\/li>\n<li>Informes de intereses y datos demogr\u00e1ficos<\/li>\n<\/ul>\n<p>Nosotros, junto con proveedores externos, como Google, usamos cookies de origen (como las cookies de Google Analytics) y cookies de terceros (como la cookie de DoubleClick) u otros identificadores de terceros juntos para recopilar datos sobre las interacciones del usuario con impresiones de anuncios y otras funciones del servicio de anuncios en relaci\u00f3n con nuestro sitio web.<br \/>\nOptar por no participar:<br \/>\nLos usuarios pueden establecer preferencias sobre c\u00f3mo Google le anuncia mediante la p\u00e1gina de configuraci\u00f3n de anuncios de Google. Alternativamente, puede optar por no participar visitando la p\u00e1gina de exclusi\u00f3n voluntaria de la iniciativa de publicidad en la red o utilizando permanentemente el complemento del navegador de exclusi\u00f3n voluntaria de Google Analytics.<\/p>\n<h4>Ley de protecci\u00f3n de la privacidad en l\u00ednea de California<\/h4>\n<p>CalOPPA es la primera ley estatal de la naci\u00f3n que exige que los sitios web comerciales y los servicios en l\u00ednea publiquen una pol\u00edtica de privacidad. El alcance de la ley se extiende mucho m\u00e1s all\u00e1 de California para requerir que una persona o empresa en los Estados Unidos (y posiblemente el mundo) que opera sitios web que recopilan informaci\u00f3n de identificaci\u00f3n personal de los consumidores de California publique una pol\u00edtica de privacidad visible en su sitio web que indique exactamente la informaci\u00f3n que se recopila y aquellos personas con las que se comparte y para cumplir con esta pol\u00edtica. - Ver m\u00e1s en: http:\/\/consumercal.org\/california-online-privacy-protection-act-caloppa\/#sthash.0FdRbT51.dpuf<\/p>\n<h4>Seg\u00fan CalOPPA estamos de acuerdo con lo siguiente:<\/h4>\n<p>Los usuarios pueden visitar nuestro sitio de forma an\u00f3nima<br \/>\nUna vez que se crea esta pol\u00edtica de privacidad, agregaremos un enlace a ella en nuestra p\u00e1gina de inicio, o como m\u00ednimo en la primera p\u00e1gina significativa despu\u00e9s de ingresar a nuestro sitio web.<br \/>\nNuestro enlace de Pol\u00edtica de privacidad incluye la palabra &#039;Privacidad&#039; y se puede encontrar f\u00e1cilmente en la p\u00e1gina especificada anteriormente.<br \/>\nLos usuarios ser\u00e1n notificados de cualquier cambio en la pol\u00edtica de privacidad:<\/p>\n<ul>\n<li>En nuestra p\u00e1gina de pol\u00edtica de privacidad<\/li>\n<\/ul>\n<p>Los usuarios pueden cambiar su informaci\u00f3n personal:<\/p>\n<ul>\n<li>Envi\u00e1ndonos un correo electr\u00f3nico<\/li>\n<\/ul>\n<h4>\u00bfC\u00f3mo maneja nuestro sitio las se\u00f1ales de no seguimiento?<\/h4>\n<p>No respetamos las se\u00f1ales de no rastrear y no rastreamos, colocamos cookies ni usamos publicidad cuando hay un mecanismo de navegador de No rastrear (DNT). No los honramos porque:<br \/>\nLos sistemas de terceros, como Google Analytics, pueden o no respetar las se\u00f1ales de NO rastrear sin notificaci\u00f3n<\/p>\n<h4>\u00bfNuestro sitio permite el seguimiento del comportamiento de terceros?<\/h4>\n<p>Tambi\u00e9n es importante tener en cuenta que permitimos el seguimiento del comportamiento de terceros.<\/p>\n<h4>COPPA (Ley de protecci\u00f3n de la privacidad infantil en l\u00ednea)<\/h4>\n<p>Cuando se trata de la recopilaci\u00f3n de informaci\u00f3n personal de ni\u00f1os menores de 13 a\u00f1os, la Ley de Protecci\u00f3n de la Privacidad Infantil en L\u00ednea (COPPA) pone a los padres en control. La Comisi\u00f3n Federal de Comercio, la agencia de protecci\u00f3n al consumidor de la naci\u00f3n, hace cumplir la Regla COPPA, que detalla lo que los operadores de sitios web y servicios en l\u00ednea deben hacer para proteger la privacidad y seguridad de los ni\u00f1os en l\u00ednea.<br \/>\nNo comercializamos espec\u00edficamente para ni\u00f1os menores de 13 a\u00f1os.<\/p>\n<h4>Pr\u00e1cticas justas de informaci\u00f3n<\/h4>\n<p>Los Principios de Pr\u00e1cticas Justas de Informaci\u00f3n forman la columna vertebral de la ley de privacidad en los Estados Unidos y los conceptos que incluyen han jugado un papel importante en el desarrollo de las leyes de protecci\u00f3n de datos en todo el mundo. Comprender los Principios de pr\u00e1cticas de informaci\u00f3n equitativa y c\u00f3mo deben implementarse es fundamental para cumplir con las diversas leyes de privacidad que protegen la informaci\u00f3n personal.<\/p>\n<h4>Para estar en l\u00ednea con las pr\u00e1cticas de informaci\u00f3n justas, tomaremos las siguientes medidas de respuesta, en caso de que ocurra una violaci\u00f3n de datos:<\/h4>\n<p>Notificaremos a los usuarios por correo electr\u00f3nico<\/p>\n<ul>\n<li>Dentro de 7 d\u00edas laborales<\/li>\n<\/ul>\n<p>Tambi\u00e9n estamos de acuerdo con el principio de reparaci\u00f3n individual, que requiere que las personas tengan derecho a ejercer derechos legalmente exigibles contra los recopiladores y procesadores de datos que no cumplan con la ley. Este principio requiere no solo que las personas tengan derechos exigibles contra los usuarios de datos, sino tambi\u00e9n que las personas puedan recurrir a los tribunales o una agencia gubernamental para investigar y \/ o procesar el incumplimiento por parte de los procesadores de datos.<\/p>\n<h4>Ley CAN SPAM<\/h4>\n<p>La Ley CAN-SPAM es una ley que establece las reglas para el correo electr\u00f3nico comercial, establece los requisitos para los mensajes comerciales, otorga a los destinatarios el derecho a que no se les env\u00ede correos electr\u00f3nicos y establece duras sanciones por violaciones.<\/p>\n<h4>Recopilamos su direcci\u00f3n de correo electr\u00f3nico para:<\/h4>\n<ul>\n<li>Env\u00ede informaci\u00f3n, responda consultas y \/ u otras solicitudes o preguntas.<\/li>\n<li>Comercialice en nuestra lista de correo o contin\u00fae enviando correos electr\u00f3nicos a nuestros clientes despu\u00e9s de que se haya realizado la transacci\u00f3n original<\/li>\n<\/ul>\n<p><strong>Para estar de acuerdo con CANSPAM, aceptamos lo siguiente:<\/strong><\/p>\n<ul>\n<li>NO use asuntos o direcciones de correo electr\u00f3nico falsos o enga\u00f1osos<\/li>\n<li>Identificar el mensaje como un anuncio de alguna manera razonable.<\/li>\n<li>Incluya la direcci\u00f3n f\u00edsica de nuestra empresa o sede central<\/li>\n<li>Monitorear los servicios de marketing por correo electr\u00f3nico de terceros para verificar el cumplimiento, si se utiliza uno<\/li>\n<li>Respete las solicitudes de exclusi\u00f3n \/ cancelaci\u00f3n de suscripci\u00f3n r\u00e1pidamente<\/li>\n<li>Permitir a los usuarios darse de baja mediante el enlace que se encuentra en la parte inferior de cada correo electr\u00f3nico.<\/li>\n<\/ul>\n<h4>Si en alg\u00fan momento desea cancelar la suscripci\u00f3n para recibir correos electr\u00f3nicos futuros, puede enviarnos un correo electr\u00f3nico a<\/h4>\n<ul>\n<li>Siga las instrucciones en la parte inferior de cada correo electr\u00f3nico y lo eliminaremos de inmediato de <strong>TODOS<\/strong> correspondencia.<\/li>\n<\/ul>\n<h4>Cont\u00e1ctanos<\/h4>\n<p>Si tiene alguna pregunta con respecto a esta pol\u00edtica de privacidad, puede comunicarse con nosotros utilizando la informaci\u00f3n a continuaci\u00f3n.<\/p>\n<p>www.cacofde.org<br \/>\n<strong>Condado de New Castle<\/strong><br \/>\n1600 Rockland Road Wilmington, DE 19803<\/p>\n<p><strong>Condado de Kent<\/strong><br \/>\n611 S. DuPont Highway Suite 201 Dover, DE 19901<\/p>\n<p><strong>Condado de Sussex<\/strong><br \/>\n410 S. Bedford Street Georgetown, DE 19947<\/p>\n<p>\u00daltima edici\u00f3n el 2018-11-07<\/p>","protected":false},"excerpt":{"rendered":"<p>This privacy policy has been compiled to better serve those who are concerned with how their \u2018Personally identifiable information\u2019 (PII) is being used online. PII, as used in US privacy law and information security, is information that can be used on its own or with other information to identify, contact, or locate a single person, [&hellip;]<\/p>\n","protected":false},"author":1,"featured_media":0,"parent":0,"menu_order":15,"comment_status":"closed","ping_status":"closed","template":"","meta":{"_acf_changed":false,"inline_featured_image":false,"_monsterinsights_skip_tracking":false,"_monsterinsights_sitenote_active":false,"_monsterinsights_sitenote_note":"","_monsterinsights_sitenote_category":0,"footnotes":""},"class_list":["post-292","page","type-page","status-publish","hentry"],"acf":[],"yoast_head":"<!-- This site is optimized with the Yoast SEO plugin v27.3 - https:\/\/yoast.com\/product\/yoast-seo-wordpress\/ -->\n<title>Children\u2019s Advocacy Center of Delaware - Privacy Policy<\/title>\n<meta name=\"description\" content=\"Our privacy policy has been compiled to better serve those who are concerned with their \u2018Personally identifiable information\u2019 (PII).\" \/>\n<meta name=\"robots\" content=\"index, follow, max-snippet:-1, max-image-preview:large, max-video-preview:-1\" \/>\n<link rel=\"canonical\" href=\"https:\/\/cacofde.org\/es_gt\/privacy-policy\/\" \/>\n<meta property=\"og:locale\" content=\"es_ES\" \/>\n<meta property=\"og:type\" content=\"article\" \/>\n<meta property=\"og:title\" content=\"Children\u2019s Advocacy Center of Delaware - Privacy Policy\" \/>\n<meta property=\"og:description\" content=\"Our privacy policy has been compiled to better serve those who are concerned with their \u2018Personally identifiable information\u2019 (PII).\" \/>\n<meta property=\"og:url\" content=\"https:\/\/cacofde.org\/es_gt\/privacy-policy\/\" \/>\n<meta property=\"og:site_name\" content=\"Childrens Advocacy Center of Delaware\" \/>\n<meta property=\"article:modified_time\" content=\"2020-11-03T15:37:32+00:00\" \/>\n<meta property=\"og:image\" content=\"https:\/\/cacofde.org\/wp-content\/uploads\/2020\/11\/3.jpg\" \/>\n\t<meta property=\"og:image:width\" content=\"1200\" \/>\n\t<meta property=\"og:image:height\" content=\"630\" \/>\n\t<meta property=\"og:image:type\" content=\"image\/jpeg\" \/>\n<meta name=\"twitter:card\" content=\"summary_large_image\" \/>\n<meta name=\"twitter:label1\" content=\"Est. reading time\" \/>\n\t<meta name=\"twitter:data1\" content=\"8 minutos\" \/>\n<script type=\"application\/ld+json\" class=\"yoast-schema-graph\">{\"@context\":\"https:\\\/\\\/schema.org\",\"@graph\":[{\"@type\":\"WebPage\",\"@id\":\"https:\\\/\\\/cacofde.org\\\/es\\\/privacy-policy\\\/\",\"url\":\"https:\\\/\\\/cacofde.org\\\/es\\\/privacy-policy\\\/\",\"name\":\"Children\u2019s Advocacy Center of Delaware - Privacy Policy\",\"isPartOf\":{\"@id\":\"https:\\\/\\\/cacofde.org\\\/#website\"},\"datePublished\":\"2018-11-07T09:30:48+00:00\",\"dateModified\":\"2020-11-03T15:37:32+00:00\",\"description\":\"Our privacy policy has been compiled to better serve those who are concerned with their \u2018Personally identifiable information\u2019 (PII).\",\"breadcrumb\":{\"@id\":\"https:\\\/\\\/cacofde.org\\\/es\\\/privacy-policy\\\/#breadcrumb\"},\"inLanguage\":\"es\",\"potentialAction\":[{\"@type\":\"ReadAction\",\"target\":[\"https:\\\/\\\/cacofde.org\\\/es\\\/privacy-policy\\\/\"]}]},{\"@type\":\"BreadcrumbList\",\"@id\":\"https:\\\/\\\/cacofde.org\\\/es\\\/privacy-policy\\\/#breadcrumb\",\"itemListElement\":[{\"@type\":\"ListItem\",\"position\":1,\"name\":\"Home\",\"item\":\"https:\\\/\\\/cacofde.org\\\/\"},{\"@type\":\"ListItem\",\"position\":2,\"name\":\"Privacy Policy\"}]},{\"@type\":\"WebSite\",\"@id\":\"https:\\\/\\\/cacofde.org\\\/#website\",\"url\":\"https:\\\/\\\/cacofde.org\\\/\",\"name\":\"Childrens Advocacy Center of Delaware\",\"description\":\"A safe place where healing begins\",\"potentialAction\":[{\"@type\":\"SearchAction\",\"target\":{\"@type\":\"EntryPoint\",\"urlTemplate\":\"https:\\\/\\\/cacofde.org\\\/?s={search_term_string}\"},\"query-input\":{\"@type\":\"PropertyValueSpecification\",\"valueRequired\":true,\"valueName\":\"search_term_string\"}}],\"inLanguage\":\"es\"}]}<\/script>\n<!-- \/ Yoast SEO plugin. -->","yoast_head_json":{"title":"Children&#039;s Advocacy Center of Delaware - Pol\u00edtica de privacidad","description":"Nuestra pol\u00edtica de privacidad ha sido compilada para brindar un mejor servicio a aquellos que est\u00e1n preocupados por su &#039;Informaci\u00f3n de identificaci\u00f3n personal&#039; (PII).","robots":{"index":"index","follow":"follow","max-snippet":"max-snippet:-1","max-image-preview":"max-image-preview:large","max-video-preview":"max-video-preview:-1"},"canonical":"https:\/\/cacofde.org\/es_gt\/privacy-policy\/","og_locale":"es_ES","og_type":"article","og_title":"Children\u2019s Advocacy Center of Delaware - Privacy Policy","og_description":"Our privacy policy has been compiled to better serve those who are concerned with their \u2018Personally identifiable information\u2019 (PII).","og_url":"https:\/\/cacofde.org\/es_gt\/privacy-policy\/","og_site_name":"Childrens Advocacy Center of Delaware","article_modified_time":"2020-11-03T15:37:32+00:00","og_image":[{"width":1200,"height":630,"url":"https:\/\/cacofde.org\/wp-content\/uploads\/2020\/11\/3.jpg","type":"image\/jpeg"}],"twitter_card":"summary_large_image","twitter_misc":{"Est. reading time":"8 minutos"},"schema":{"@context":"https:\/\/schema.org","@graph":[{"@type":"WebPage","@id":"https:\/\/cacofde.org\/es\/privacy-policy\/","url":"https:\/\/cacofde.org\/es\/privacy-policy\/","name":"Children&#039;s Advocacy Center of Delaware - Pol\u00edtica de privacidad","isPartOf":{"@id":"https:\/\/cacofde.org\/#website"},"datePublished":"2018-11-07T09:30:48+00:00","dateModified":"2020-11-03T15:37:32+00:00","description":"Nuestra pol\u00edtica de privacidad ha sido compilada para brindar un mejor servicio a aquellos que est\u00e1n preocupados por su &#039;Informaci\u00f3n de identificaci\u00f3n personal&#039; (PII).","breadcrumb":{"@id":"https:\/\/cacofde.org\/es\/privacy-policy\/#breadcrumb"},"inLanguage":"es","potentialAction":[{"@type":"ReadAction","target":["https:\/\/cacofde.org\/es\/privacy-policy\/"]}]},{"@type":"BreadcrumbList","@id":"https:\/\/cacofde.org\/es\/privacy-policy\/#breadcrumb","itemListElement":[{"@type":"ListItem","position":1,"name":"Home","item":"https:\/\/cacofde.org\/"},{"@type":"ListItem","position":2,"name":"Privacy Policy"}]},{"@type":"WebSite","@id":"https:\/\/cacofde.org\/#website","url":"https:\/\/cacofde.org\/","name":"Centro de Defensa de los Ni\u00f1os de Delaware","description":"Un lugar seguro donde comienza la curaci\u00f3n","potentialAction":[{"@type":"SearchAction","target":{"@type":"EntryPoint","urlTemplate":"https:\/\/cacofde.org\/?s={search_term_string}"},"query-input":{"@type":"PropertyValueSpecification","valueRequired":true,"valueName":"search_term_string"}}],"inLanguage":"es"}]}},"_links":{"self":[{"href":"https:\/\/cacofde.org\/es_gt\/wp-json\/wp\/v2\/pages\/292","targetHints":{"allow":["GET"]}}],"collection":[{"href":"https:\/\/cacofde.org\/es_gt\/wp-json\/wp\/v2\/pages"}],"about":[{"href":"https:\/\/cacofde.org\/es_gt\/wp-json\/wp\/v2\/types\/page"}],"author":[{"embeddable":true,"href":"https:\/\/cacofde.org\/es_gt\/wp-json\/wp\/v2\/users\/1"}],"replies":[{"embeddable":true,"href":"https:\/\/cacofde.org\/es_gt\/wp-json\/wp\/v2\/comments?post=292"}],"version-history":[{"count":10,"href":"https:\/\/cacofde.org\/es_gt\/wp-json\/wp\/v2\/pages\/292\/revisions"}],"predecessor-version":[{"id":1403,"href":"https:\/\/cacofde.org\/es_gt\/wp-json\/wp\/v2\/pages\/292\/revisions\/1403"}],"wp:attachment":[{"href":"https:\/\/cacofde.org\/es_gt\/wp-json\/wp\/v2\/media?parent=292"}],"curies":[{"name":"wp","href":"https:\/\/api.w.org\/{rel}","templated":true}]}}