{"id":47,"date":"2018-10-15T01:48:52","date_gmt":"2018-10-15T01:48:52","guid":{"rendered":"http:\/\/firstascentstaging.com\/cac\/?page_id=47"},"modified":"2025-04-04T16:06:22","modified_gmt":"2025-04-04T20:06:22","slug":"donation","status":"publish","type":"page","link":"https:\/\/cacofde.org\/es\/donation\/","title":{"rendered":"Donaci\u00f3n"},"content":{"rendered":"<h2>Gracias por considerar un regalo para Children&#039;s Advocacy Center of Delaware.<\/h2>\n<p>Si bien el Children&#039;s Advocacy Center of Delaware recibe fondos tanto del estado de Delaware como del gobierno federal, la generosidad de las personas, empresas, fundaciones y grupos comunitarios que se preocupan tambi\u00e9n nos ayuda a marcar la diferencia para los ni\u00f1os en todo Delaware. Como organizaci\u00f3n 501 (c) 3 sin fines de lucro, su donaci\u00f3n al Children&#039;s Advocacy Center of Delaware es deducible de impuestos. Su donaci\u00f3n ayuda a proporcionar un entorno seguro y servicios de apoyo para los ni\u00f1os y las familias que experimentan los devastadores efectos a largo plazo del abuso infantil.<\/p>\n<p>El Children&#039;s Advocacy Center of Delaware brinda una amplia gama de servicios a ni\u00f1os y familias cada a\u00f1o en asociaci\u00f3n con nuestras agencias y organizaciones multidisciplinarias. Su donaci\u00f3n nos ayuda a brindar un entorno seguro y de apoyo para los ni\u00f1os que han sufrido abuso, ofrecer apoyo y recursos para las familias y los cuidadores, y participar en iniciativas de prevenci\u00f3n y concientizaci\u00f3n que tienen como objetivo prevenir el abuso antes de que suceda.<\/p>","protected":false},"excerpt":{"rendered":"<p>Thank you for considering a gift to the Children&#8217;s Advocacy Center of Delaware. While the Children&#8217;s Advocacy Center of Delaware receives funding from both the State of Delaware and the Federal Government, the generosity of caring individuals, businesses, foundations, and community groups also helps us make a difference for children throughout all of Delaware. As [&hellip;]<\/p>\n","protected":false},"author":1,"featured_media":0,"parent":0,"menu_order":6,"comment_status":"closed","ping_status":"closed","template":"page-donations.php","meta":{"_acf_changed":false,"inline_featured_image":false,"_monsterinsights_skip_tracking":false,"_monsterinsights_sitenote_active":false,"_monsterinsights_sitenote_note":"","_monsterinsights_sitenote_category":0,"footnotes":""},"class_list":["post-47","page","type-page","status-publish","hentry"],"acf":[],"yoast_head":"<!-- This site is optimized with the Yoast SEO plugin v27.4 - https:\/\/yoast.com\/product\/yoast-seo-wordpress\/ -->\n<title>Children\u2019s Advocacy Center of Delaware - Donate To Help Abused Children<\/title>\n<meta name=\"description\" content=\"The generosity of caring people helps The Children\u2019s Advocacy Center of Delaware provides many services that support victims of child abuse.\" \/>\n<meta name=\"robots\" content=\"index, follow, max-snippet:-1, max-image-preview:large, max-video-preview:-1\" \/>\n<link rel=\"canonical\" href=\"https:\/\/cacofde.org\/es\/donation\/\" \/>\n<meta property=\"og:locale\" content=\"es_MX\" \/>\n<meta property=\"og:type\" content=\"article\" \/>\n<meta property=\"og:title\" content=\"Children\u2019s Advocacy Center of Delaware - Donate To Help Abused Children\" \/>\n<meta property=\"og:description\" content=\"The generosity of caring people helps The Children\u2019s Advocacy Center of Delaware provides many services that support victims of child abuse.\" \/>\n<meta property=\"og:url\" content=\"https:\/\/cacofde.org\/es\/donation\/\" \/>\n<meta property=\"og:site_name\" content=\"Childrens Advocacy Center of Delaware\" \/>\n<meta property=\"article:modified_time\" content=\"2025-04-04T20:06:22+00:00\" \/>\n<meta property=\"og:image\" content=\"https:\/\/cacofde.org\/wp-content\/uploads\/2020\/11\/3.jpg\" \/>\n\t<meta property=\"og:image:width\" content=\"1200\" \/>\n\t<meta property=\"og:image:height\" content=\"630\" \/>\n\t<meta property=\"og:image:type\" content=\"image\/jpeg\" \/>\n<meta name=\"twitter:card\" content=\"summary_large_image\" \/>\n<meta name=\"twitter:label1\" content=\"Tiempo de lectura\" \/>\n\t<meta name=\"twitter:data1\" content=\"1 minuto\" \/>\n<script type=\"application\/ld+json\" class=\"yoast-schema-graph\">{\"@context\":\"https:\\\/\\\/schema.org\",\"@graph\":[{\"@type\":\"WebPage\",\"@id\":\"https:\\\/\\\/cacofde.org\\\/donation\\\/\",\"url\":\"https:\\\/\\\/cacofde.org\\\/donation\\\/\",\"name\":\"Children\u2019s Advocacy Center of Delaware - Donate To Help Abused Children\",\"isPartOf\":{\"@id\":\"https:\\\/\\\/cacofde.org\\\/#website\"},\"datePublished\":\"2018-10-15T01:48:52+00:00\",\"dateModified\":\"2025-04-04T20:06:22+00:00\",\"description\":\"The generosity of caring people helps The Children\u2019s Advocacy Center of Delaware provides many services that support victims of child abuse.\",\"breadcrumb\":{\"@id\":\"https:\\\/\\\/cacofde.org\\\/donation\\\/#breadcrumb\"},\"inLanguage\":\"es\",\"potentialAction\":[{\"@type\":\"ReadAction\",\"target\":[\"https:\\\/\\\/cacofde.org\\\/donation\\\/\"]}]},{\"@type\":\"BreadcrumbList\",\"@id\":\"https:\\\/\\\/cacofde.org\\\/donation\\\/#breadcrumb\",\"itemListElement\":[{\"@type\":\"ListItem\",\"position\":1,\"name\":\"Home\",\"item\":\"https:\\\/\\\/cacofde.org\\\/\"},{\"@type\":\"ListItem\",\"position\":2,\"name\":\"Donation\"}]},{\"@type\":\"WebSite\",\"@id\":\"https:\\\/\\\/cacofde.org\\\/#website\",\"url\":\"https:\\\/\\\/cacofde.org\\\/\",\"name\":\"Childrens Advocacy Center of Delaware\",\"description\":\"A safe place where healing begins\",\"potentialAction\":[{\"@type\":\"SearchAction\",\"target\":{\"@type\":\"EntryPoint\",\"urlTemplate\":\"https:\\\/\\\/cacofde.org\\\/?s={search_term_string}\"},\"query-input\":{\"@type\":\"PropertyValueSpecification\",\"valueRequired\":true,\"valueName\":\"search_term_string\"}}],\"inLanguage\":\"es\"}]}<\/script>\n<!-- \/ Yoast SEO plugin. -->","yoast_head_json":{"title":"Children&#039;s Advocacy Center of Delaware - Done para ayudar a los ni\u00f1os abusados","description":"La generosidad de la gente solidaria ayuda a que el Children&#039;s Advocacy Center of Delaware brinde muchos servicios que apoyan a las v\u00edctimas de abuso infantil.","robots":{"index":"index","follow":"follow","max-snippet":"max-snippet:-1","max-image-preview":"max-image-preview:large","max-video-preview":"max-video-preview:-1"},"canonical":"https:\/\/cacofde.org\/es\/donation\/","og_locale":"es_MX","og_type":"article","og_title":"Children\u2019s Advocacy Center of Delaware - Donate To Help Abused Children","og_description":"The generosity of caring people helps The Children\u2019s Advocacy Center of Delaware provides many services that support victims of child abuse.","og_url":"https:\/\/cacofde.org\/es\/donation\/","og_site_name":"Childrens Advocacy Center of Delaware","article_modified_time":"2025-04-04T20:06:22+00:00","og_image":[{"width":1200,"height":630,"url":"https:\/\/cacofde.org\/wp-content\/uploads\/2020\/11\/3.jpg","type":"image\/jpeg"}],"twitter_card":"summary_large_image","twitter_misc":{"Tiempo de lectura":"1 minuto"},"schema":{"@context":"https:\/\/schema.org","@graph":[{"@type":"WebPage","@id":"https:\/\/cacofde.org\/donation\/","url":"https:\/\/cacofde.org\/donation\/","name":"Children&#039;s Advocacy Center of Delaware - Done para ayudar a los ni\u00f1os abusados","isPartOf":{"@id":"https:\/\/cacofde.org\/#website"},"datePublished":"2018-10-15T01:48:52+00:00","dateModified":"2025-04-04T20:06:22+00:00","description":"La generosidad de la gente solidaria ayuda a que el Children&#039;s Advocacy Center of Delaware brinde muchos servicios que apoyan a las v\u00edctimas de abuso infantil.","breadcrumb":{"@id":"https:\/\/cacofde.org\/donation\/#breadcrumb"},"inLanguage":"es","potentialAction":[{"@type":"ReadAction","target":["https:\/\/cacofde.org\/donation\/"]}]},{"@type":"BreadcrumbList","@id":"https:\/\/cacofde.org\/donation\/#breadcrumb","itemListElement":[{"@type":"ListItem","position":1,"name":"Home","item":"https:\/\/cacofde.org\/"},{"@type":"ListItem","position":2,"name":"Donation"}]},{"@type":"WebSite","@id":"https:\/\/cacofde.org\/#website","url":"https:\/\/cacofde.org\/","name":"Centro de Defensa de los Ni\u00f1os de Delaware","description":"Un lugar seguro donde comienza la curaci\u00f3n.","potentialAction":[{"@type":"SearchAction","target":{"@type":"EntryPoint","urlTemplate":"https:\/\/cacofde.org\/?s={search_term_string}"},"query-input":{"@type":"PropertyValueSpecification","valueRequired":true,"valueName":"search_term_string"}}],"inLanguage":"es"}]}},"_links":{"self":[{"href":"https:\/\/cacofde.org\/es\/wp-json\/wp\/v2\/pages\/47","targetHints":{"allow":["GET"]}}],"collection":[{"href":"https:\/\/cacofde.org\/es\/wp-json\/wp\/v2\/pages"}],"about":[{"href":"https:\/\/cacofde.org\/es\/wp-json\/wp\/v2\/types\/page"}],"author":[{"embeddable":true,"href":"https:\/\/cacofde.org\/es\/wp-json\/wp\/v2\/users\/1"}],"replies":[{"embeddable":true,"href":"https:\/\/cacofde.org\/es\/wp-json\/wp\/v2\/comments?post=47"}],"version-history":[{"count":11,"href":"https:\/\/cacofde.org\/es\/wp-json\/wp\/v2\/pages\/47\/revisions"}],"predecessor-version":[{"id":2076,"href":"https:\/\/cacofde.org\/es\/wp-json\/wp\/v2\/pages\/47\/revisions\/2076"}],"wp:attachment":[{"href":"https:\/\/cacofde.org\/es\/wp-json\/wp\/v2\/media?parent=47"}],"curies":[{"name":"wp","href":"https:\/\/api.w.org\/{rel}","templated":true}]}}