{"id":45,"date":"2018-10-15T01:48:30","date_gmt":"2018-10-15T01:48:30","guid":{"rendered":"http:\/\/firstascentstaging.com\/cac\/?page_id=45"},"modified":"2020-11-03T10:01:42","modified_gmt":"2020-11-03T15:01:42","slug":"about-child-abuse","status":"publish","type":"page","link":"https:\/\/cacofde.org\/es\/about-child-abuse\/","title":{"rendered":"Sobre el abuso infantil"},"content":{"rendered":"","protected":false},"excerpt":{"rendered":"","protected":false},"author":1,"featured_media":0,"parent":0,"menu_order":3,"comment_status":"closed","ping_status":"closed","template":"","meta":{"_acf_changed":false,"inline_featured_image":false,"_monsterinsights_skip_tracking":false,"_monsterinsights_sitenote_active":false,"_monsterinsights_sitenote_note":"","_monsterinsights_sitenote_category":0,"footnotes":""},"class_list":["post-45","page","type-page","status-publish","hentry"],"acf":[],"yoast_head":"<!-- This site is optimized with the Yoast SEO plugin v27.3 - https:\/\/yoast.com\/product\/yoast-seo-wordpress\/ -->\n<title>Children&#039;s Advocacy Center of Delaware - Information About Child Abuse<\/title>\n<meta name=\"description\" content=\"Child abuse occurs when someone causes emotional harm, physical harm, injury, death, or risk of serious harm to a child.\" \/>\n<meta name=\"robots\" content=\"index, follow, max-snippet:-1, max-image-preview:large, max-video-preview:-1\" \/>\n<link rel=\"canonical\" href=\"https:\/\/cacofde.org\/es\/about-child-abuse\/\" \/>\n<meta property=\"og:locale\" content=\"es_MX\" \/>\n<meta property=\"og:type\" content=\"article\" \/>\n<meta property=\"og:title\" content=\"Children&#039;s Advocacy Center of Delaware - Information About Child Abuse\" \/>\n<meta property=\"og:description\" content=\"Child abuse occurs when someone causes emotional harm, physical harm, injury, death, or risk of serious harm to a child.\" \/>\n<meta property=\"og:url\" content=\"https:\/\/cacofde.org\/es\/about-child-abuse\/\" \/>\n<meta property=\"og:site_name\" content=\"Childrens Advocacy Center of Delaware\" \/>\n<meta property=\"article:modified_time\" content=\"2020-11-03T15:01:42+00:00\" \/>\n<meta property=\"og:image\" content=\"https:\/\/cacofde.org\/wp-content\/uploads\/2020\/11\/3.jpg\" \/>\n\t<meta property=\"og:image:width\" content=\"1200\" \/>\n\t<meta property=\"og:image:height\" content=\"630\" \/>\n\t<meta property=\"og:image:type\" content=\"image\/jpeg\" \/>\n<meta name=\"twitter:card\" content=\"summary_large_image\" \/>\n<script type=\"application\/ld+json\" class=\"yoast-schema-graph\">{\"@context\":\"https:\\\/\\\/schema.org\",\"@graph\":[{\"@type\":\"WebPage\",\"@id\":\"https:\\\/\\\/cacofde.org\\\/about-child-abuse\\\/\",\"url\":\"https:\\\/\\\/cacofde.org\\\/about-child-abuse\\\/\",\"name\":\"Children's Advocacy Center of Delaware - Information About Child Abuse\",\"isPartOf\":{\"@id\":\"https:\\\/\\\/cacofde.org\\\/#website\"},\"datePublished\":\"2018-10-15T01:48:30+00:00\",\"dateModified\":\"2020-11-03T15:01:42+00:00\",\"description\":\"Child abuse occurs when someone causes emotional harm, physical harm, injury, death, or risk of serious harm to a child.\",\"breadcrumb\":{\"@id\":\"https:\\\/\\\/cacofde.org\\\/about-child-abuse\\\/#breadcrumb\"},\"inLanguage\":\"es\",\"potentialAction\":[{\"@type\":\"ReadAction\",\"target\":[\"https:\\\/\\\/cacofde.org\\\/about-child-abuse\\\/\"]}]},{\"@type\":\"BreadcrumbList\",\"@id\":\"https:\\\/\\\/cacofde.org\\\/about-child-abuse\\\/#breadcrumb\",\"itemListElement\":[{\"@type\":\"ListItem\",\"position\":1,\"name\":\"Home\",\"item\":\"https:\\\/\\\/cacofde.org\\\/\"},{\"@type\":\"ListItem\",\"position\":2,\"name\":\"About Child Abuse\"}]},{\"@type\":\"WebSite\",\"@id\":\"https:\\\/\\\/cacofde.org\\\/#website\",\"url\":\"https:\\\/\\\/cacofde.org\\\/\",\"name\":\"Childrens Advocacy Center of Delaware\",\"description\":\"A safe place where healing begins\",\"potentialAction\":[{\"@type\":\"SearchAction\",\"target\":{\"@type\":\"EntryPoint\",\"urlTemplate\":\"https:\\\/\\\/cacofde.org\\\/?s={search_term_string}\"},\"query-input\":{\"@type\":\"PropertyValueSpecification\",\"valueRequired\":true,\"valueName\":\"search_term_string\"}}],\"inLanguage\":\"es\"}]}<\/script>\n<!-- \/ Yoast SEO plugin. -->","yoast_head_json":{"title":"Children&#039;s Advocacy Center of Delaware - Informaci\u00f3n sobre el abuso infantil","description":"El abuso infantil ocurre cuando alguien causa da\u00f1o emocional, da\u00f1o f\u00edsico, lesi\u00f3n, muerte o riesgo de da\u00f1o grave a un ni\u00f1o.","robots":{"index":"index","follow":"follow","max-snippet":"max-snippet:-1","max-image-preview":"max-image-preview:large","max-video-preview":"max-video-preview:-1"},"canonical":"https:\/\/cacofde.org\/es\/about-child-abuse\/","og_locale":"es_MX","og_type":"article","og_title":"Children's Advocacy Center of Delaware - Information About Child Abuse","og_description":"Child abuse occurs when someone causes emotional harm, physical harm, injury, death, or risk of serious harm to a child.","og_url":"https:\/\/cacofde.org\/es\/about-child-abuse\/","og_site_name":"Childrens Advocacy Center of Delaware","article_modified_time":"2020-11-03T15:01:42+00:00","og_image":[{"width":1200,"height":630,"url":"https:\/\/cacofde.org\/wp-content\/uploads\/2020\/11\/3.jpg","type":"image\/jpeg"}],"twitter_card":"summary_large_image","schema":{"@context":"https:\/\/schema.org","@graph":[{"@type":"WebPage","@id":"https:\/\/cacofde.org\/about-child-abuse\/","url":"https:\/\/cacofde.org\/about-child-abuse\/","name":"Children&#039;s Advocacy Center of Delaware - Informaci\u00f3n sobre el abuso infantil","isPartOf":{"@id":"https:\/\/cacofde.org\/#website"},"datePublished":"2018-10-15T01:48:30+00:00","dateModified":"2020-11-03T15:01:42+00:00","description":"El abuso infantil ocurre cuando alguien causa da\u00f1o emocional, da\u00f1o f\u00edsico, lesi\u00f3n, muerte o riesgo de da\u00f1o grave a un ni\u00f1o.","breadcrumb":{"@id":"https:\/\/cacofde.org\/about-child-abuse\/#breadcrumb"},"inLanguage":"es","potentialAction":[{"@type":"ReadAction","target":["https:\/\/cacofde.org\/about-child-abuse\/"]}]},{"@type":"BreadcrumbList","@id":"https:\/\/cacofde.org\/about-child-abuse\/#breadcrumb","itemListElement":[{"@type":"ListItem","position":1,"name":"Home","item":"https:\/\/cacofde.org\/"},{"@type":"ListItem","position":2,"name":"About Child Abuse"}]},{"@type":"WebSite","@id":"https:\/\/cacofde.org\/#website","url":"https:\/\/cacofde.org\/","name":"Centro de Defensa de los Ni\u00f1os de Delaware","description":"Un lugar seguro donde comienza la curaci\u00f3n.","potentialAction":[{"@type":"SearchAction","target":{"@type":"EntryPoint","urlTemplate":"https:\/\/cacofde.org\/?s={search_term_string}"},"query-input":{"@type":"PropertyValueSpecification","valueRequired":true,"valueName":"search_term_string"}}],"inLanguage":"es"}]}},"_links":{"self":[{"href":"https:\/\/cacofde.org\/es\/wp-json\/wp\/v2\/pages\/45","targetHints":{"allow":["GET"]}}],"collection":[{"href":"https:\/\/cacofde.org\/es\/wp-json\/wp\/v2\/pages"}],"about":[{"href":"https:\/\/cacofde.org\/es\/wp-json\/wp\/v2\/types\/page"}],"author":[{"embeddable":true,"href":"https:\/\/cacofde.org\/es\/wp-json\/wp\/v2\/users\/1"}],"replies":[{"embeddable":true,"href":"https:\/\/cacofde.org\/es\/wp-json\/wp\/v2\/comments?post=45"}],"version-history":[{"count":10,"href":"https:\/\/cacofde.org\/es\/wp-json\/wp\/v2\/pages\/45\/revisions"}],"predecessor-version":[{"id":1373,"href":"https:\/\/cacofde.org\/es\/wp-json\/wp\/v2\/pages\/45\/revisions\/1373"}],"wp:attachment":[{"href":"https:\/\/cacofde.org\/es\/wp-json\/wp\/v2\/media?parent=45"}],"curies":[{"name":"wp","href":"https:\/\/api.w.org\/{rel}","templated":true}]}}